{"id":10598,"date":"2019-06-06T09:30:04","date_gmt":"2019-06-06T09:30:04","guid":{"rendered":"https:\/\/cleaninco-demo.pbminfotech.com\/datasite\/?page_id=10598"},"modified":"2026-04-13T23:23:07","modified_gmt":"2026-04-13T23:23:07","slug":"request-a-quote","status":"publish","type":"page","link":"https:\/\/cleaning.2gether2shine.at\/en\/request-a-quote\/","title":{"rendered":"REQUEST A QUOTE"},"content":{"rendered":"<div class=\"wpb-content-wrapper\"><p>[vc_row][vc_column width=&#8221;1\/6&#8243;][\/vc_column][vc_column width=&#8221;2\/3&#8243;]<div class=\"themestek-element-heading-wrapper themestek-heading-inner themestek-element-align-center themestek-seperator-none \"><section class=\"themestek-vc_cta3-container\"><div class=\"themestek-vc_general themestek-vc_cta3 themestek-cta3-only themestek-vc_cta3-style-classic themestek-vc_cta3-shape-rounded themestek-vc_cta3-align-center themestek-vc_cta3-color-transparent themestek-vc_cta3-icon-size-md themestek-vc_cta3-actions-no themestek-cta3-without-desc\"><div class=\"themestek-vc_cta3_content-container\"><div class=\"themestek-vc_cta3-content\"><div class=\"themestek-vc_cta3-content-header themestek-wrap\"><div class=\"themestek-vc_cta3-headers themestek-wrap-cell\"><h4 style=\"color:#76BA43;\" class=\"themestek-custom-heading \" >field up our QUOTE from<\/h4>\n<h2 class=\"themestek-custom-heading \" >REQUEST A QUOTE<\/h2>\n<\/div><\/div><\/div><\/div><\/div><\/section><\/div> <!-- .themestek-element-heading-wrapper container --> \n<div class=\"wpcf7 no-js\" id=\"wpcf7-f10597-o1\" lang=\"en-US\" dir=\"ltr\" data-wpcf7-id=\"10597\">\n<div class=\"screen-reader-response\"><p role=\"status\" aria-live=\"polite\" aria-atomic=\"true\"><\/p> <ul><\/ul><\/div>\n<form action=\"\/en\/wp-json\/wp\/v2\/pages\/10598#wpcf7-f10597-o1\" method=\"post\" class=\"wpcf7-form init\" aria-label=\"Contact form\" novalidate=\"novalidate\" data-status=\"init\">\n<fieldset class=\"hidden-fields-container\"><input type=\"hidden\" name=\"_wpcf7\" value=\"10597\" \/><input type=\"hidden\" name=\"_wpcf7_version\" value=\"6.1.5\" \/><input type=\"hidden\" name=\"_wpcf7_locale\" value=\"en_US\" \/><input type=\"hidden\" name=\"_wpcf7_unit_tag\" value=\"wpcf7-f10597-o1\" \/><input type=\"hidden\" name=\"_wpcf7_container_post\" value=\"0\" \/><input type=\"hidden\" name=\"_wpcf7_posted_data_hash\" value=\"\" \/>\n<\/fieldset>\n<div class=\"main-form ts-order-form\">\n\t<div class=\"row\">\n\t\t<div class=\"col-md-6\">\n\t\t\t<div class=\"input-group\">\n\t\t\t\t<p><span class=\"wpcf7-form-control-wrap\" data-name=\"your-name\"><input size=\"40\" maxlength=\"400\" class=\"wpcf7-form-control wpcf7-text\" aria-invalid=\"false\" placeholder=\"Name\" value=\"\" type=\"text\" name=\"your-name\" \/><\/span>\n\t\t\t\t<\/p>\n\t\t\t<\/div>\n\t\t<\/div>\n\t\t<div class=\"col-md-6\">\n\t\t\t<div class=\"input-group\">\n\t\t\t\t<p><span class=\"wpcf7-form-control-wrap\" data-name=\"your-email\"><input size=\"40\" maxlength=\"400\" class=\"wpcf7-form-control wpcf7-text\" aria-invalid=\"false\" placeholder=\"Email\" value=\"\" type=\"text\" name=\"your-email\" \/><\/span>\n\t\t\t\t<\/p>\n\t\t\t<\/div>\n\t\t<\/div>\n\t\t<div class=\"col-md-6\">\n\t\t\t<div class=\"input-group\">\n\t\t\t\t<p><span class=\"wpcf7-form-control-wrap\" data-name=\"phone\"><input size=\"40\" maxlength=\"400\" class=\"wpcf7-form-control wpcf7-text\" aria-invalid=\"false\" placeholder=\"Phone\" value=\"\" type=\"text\" name=\"phone\" \/><\/span>\n\t\t\t\t<\/p>\n\t\t\t<\/div>\n\t\t<\/div>\n\t\t<div class=\"col-md-6\">\n\t\t\t<div class=\"input-group\">\n\t\t\t\t<p><span class=\"wpcf7-form-control-wrap\" data-name=\"text-99\"><input size=\"40\" maxlength=\"400\" class=\"wpcf7-form-control wpcf7-text\" aria-invalid=\"false\" placeholder=\"Subject\" value=\"\" type=\"text\" name=\"text-99\" \/><\/span>\n\t\t\t\t<\/p>\n\t\t\t<\/div>\n\t\t<\/div>\n\t\t<div class=\"col-md-6\">\n\t\t\t<div class=\"input-group\">\n\t\t\t\t<p><span class=\"wpcf7-form-control-wrap\" data-name=\"select-services\"><select class=\"wpcf7-form-control wpcf7-select\" aria-invalid=\"false\" name=\"select-services\"><option value=\"Select Services\">Select Services<\/option><option value=\"Residential Cleaning\">Residential Cleaning<\/option><option value=\"Commercial Cleaning\">Commercial Cleaning<\/option><option value=\"Maid Services\">Maid Services<\/option><option value=\"House Cleaning\">House Cleaning<\/option><\/select><\/span>\n\t\t\t\t<\/p>\n\t\t\t<\/div>\n\t\t<\/div>\n\t\t<div class=\"col-md-6\">\n\t\t\t<div class=\"input-group\">\n\t\t\t\t<p><span class=\"wpcf7-form-control-wrap\" data-name=\"how-many-person\"><select class=\"wpcf7-form-control wpcf7-select\" aria-invalid=\"false\" name=\"how-many-person\"><option value=\"How many person\">How many person<\/option><option value=\"1 Person\">1 Person<\/option><option value=\"2 Person\">2 Person<\/option><option value=\"3 Person\">3 Person<\/option><option value=\"4 Person\">4 Person<\/option><\/select><\/span>\n\t\t\t\t<\/p>\n\t\t\t<\/div>\n\t\t<\/div>\n\t\t<div class=\"col-md-6\">\n\t\t\t<div class=\"input-group\">\n\t\t\t\t<p><span class=\"wpcf7-form-control-wrap\" data-name=\"Selectdatewhenstartwork\"><input class=\"wpcf7-form-control wpcf7-date wpcf7-validates-as-date\" aria-invalid=\"false\" placeholder=\"Select date when start work\" value=\"\" type=\"date\" name=\"Selectdatewhenstartwork\" \/><\/span>\n\t\t\t\t<\/p>\n\t\t\t<\/div>\n\t\t<\/div>\n\t\t<div class=\"col-md-6\">\n\t\t\t<div class=\"input-group\">\n\t\t\t\t<p><span class=\"wpcf7-form-control-wrap\" data-name=\"Selectdatewhenstartwork\"><input class=\"wpcf7-form-control wpcf7-date wpcf7-validates-as-date\" aria-invalid=\"false\" placeholder=\"Select date when start work\" value=\"\" type=\"date\" name=\"Selectdatewhenstartwork\" \/><\/span>\n\t\t\t\t<\/p>\n\t\t\t<\/div>\n\t\t<\/div>\n\t\t<div class=\"col-md-12\">\n\t\t\t<div class=\"input-group input-button\">\n\t\t\t\t<p><span class=\"wpcf7-form-control-wrap\" data-name=\"message\"><textarea cols=\"40\" rows=\"4\" maxlength=\"2000\" class=\"wpcf7-form-control wpcf7-textarea\" aria-invalid=\"false\" placeholder=\"Message\" name=\"message\"><\/textarea><\/span>\n\t\t\t\t<\/p>\n\t\t\t<\/div>\n\t\t<\/div>\n\t\t<div class=\"col-md-12\">\n\t\t\t<div class=\"input-group input-button\">\n\t\t\t\t<p><input class=\"wpcf7-form-control wpcf7-submit has-spinner btn-block\" type=\"submit\" value=\"SEND MESSAGE\" \/>\n\t\t\t\t<\/p>\n\t\t\t<\/div>\n\t\t<\/div>\n\t<\/div>\n<\/div><div class=\"wpcf7-response-output\" aria-hidden=\"true\"><\/div>\n<\/form>\n<\/div>\n[\/vc_column][vc_column width=&#8221;1\/6&#8243;][\/vc_column][\/vc_row][vc_row themestek_textcolor=&#8221;white&#8221; full_width=&#8221;stretch_row&#8221; equal_height=&#8221;yes&#8221; css=&#8221;.vc_custom_1770146663267{padding-top: 120px !important;padding-bottom: 100px !important;background-color: #CC0100 !important;background-position: center !important;background-repeat: no-repeat !important;background-size: cover !important;}&#8221;][vc_column]<h4 style=\"text-align:center;font-size:18px;line-height:28px;color:#ffffff;\" class=\"themestek-custom-heading \" >HAVE ANY QUESTIONS OR WANT A FREE ESTIMATE?<\/h4>\n<h2 style=\"text-align:center;font-size:50px;line-height:60px;color:#ffffff;\" class=\"themestek-custom-heading \" >+43 664 99618016<\/h2>\n[\/vc_column][\/vc_row]<\/p>\n<\/div>","protected":false},"excerpt":{"rendered":"<p>Fordern Sie ein kostenloses Angebot f\u00fcr professionelle Geb\u00e4udereinigung in Wien an. Unverbindliche Besichtigung und ma\u00dfgeschneidertes Angebot von 2gether2shine.<\/p>\n","protected":false},"author":2,"featured_media":0,"parent":0,"menu_order":6,"comment_status":"closed","ping_status":"closed","template":"","meta":{"footnotes":""},"class_list":["post-10598","page","type-page","status-publish","hentry"],"yoast_head":"<!-- This site is optimized with the Yoast SEO plugin v27.4 - https:\/\/yoast.com\/product\/yoast-seo-wordpress\/ -->\n<title>Kostenloses Angebot anfordern | 2gether2shine Wien<\/title>\n<meta name=\"description\" content=\"Fordern Sie jetzt Ihr kostenloses Reinigungsangebot an. Professionelle Geb\u00e4udereinigung in Wien \u2013 individuell, flexibel &amp; unverbindlich.\" \/>\n<meta name=\"robots\" content=\"index, follow, max-snippet:-1, max-image-preview:large, max-video-preview:-1\" \/>\n<link rel=\"canonical\" href=\"https:\/\/cleaning.2gether2shine.at\/en\/request-a-quote\/\" \/>\n<meta property=\"og:locale\" content=\"en_US\" \/>\n<meta property=\"og:type\" content=\"article\" \/>\n<meta property=\"og:title\" content=\"Kostenloses Angebot anfordern | 2gether2shine Wien\" \/>\n<meta property=\"og:description\" content=\"Fordern Sie jetzt Ihr kostenloses Reinigungsangebot an. Professionelle Geb\u00e4udereinigung in Wien \u2013 individuell, flexibel &amp; unverbindlich.\" \/>\n<meta property=\"og:url\" content=\"https:\/\/cleaning.2gether2shine.at\/en\/request-a-quote\/\" \/>\n<meta property=\"og:site_name\" content=\"Professionelle Geb\u00e4udereinigung Wien | 2gether2shine\" \/>\n<meta property=\"article:modified_time\" content=\"2026-04-13T23:23:07+00:00\" \/>\n<meta name=\"twitter:card\" content=\"summary_large_image\" \/>\n<meta name=\"twitter:label1\" content=\"Est. reading time\" \/>\n\t<meta name=\"twitter:data1\" content=\"1 minute\" \/>\n<script type=\"application\/ld+json\" class=\"yoast-schema-graph\">{\"@context\":\"https:\\\/\\\/schema.org\",\"@graph\":[{\"@type\":\"WebPage\",\"@id\":\"https:\\\/\\\/cleaning.2gether2shine.at\\\/en\\\/request-a-quote\\\/\",\"url\":\"https:\\\/\\\/cleaning.2gether2shine.at\\\/en\\\/request-a-quote\\\/\",\"name\":\"Kostenloses Angebot anfordern | 2gether2shine Wien\",\"isPartOf\":{\"@id\":\"https:\\\/\\\/cleaning.2gether2shine.at\\\/#website\"},\"datePublished\":\"2019-06-06T09:30:04+00:00\",\"dateModified\":\"2026-04-13T23:23:07+00:00\",\"description\":\"Fordern Sie jetzt Ihr kostenloses Reinigungsangebot an. Professionelle Geb\u00e4udereinigung in Wien \u2013 individuell, flexibel & unverbindlich.\",\"breadcrumb\":{\"@id\":\"https:\\\/\\\/cleaning.2gether2shine.at\\\/en\\\/request-a-quote\\\/#breadcrumb\"},\"inLanguage\":\"en-US\",\"potentialAction\":[{\"@type\":\"ReadAction\",\"target\":[\"https:\\\/\\\/cleaning.2gether2shine.at\\\/en\\\/request-a-quote\\\/\"]}]},{\"@type\":\"BreadcrumbList\",\"@id\":\"https:\\\/\\\/cleaning.2gether2shine.at\\\/en\\\/request-a-quote\\\/#breadcrumb\",\"itemListElement\":[{\"@type\":\"ListItem\",\"position\":1,\"name\":\"Home\",\"item\":\"https:\\\/\\\/cleaning.2gether2shine.at\\\/en\\\/\"},{\"@type\":\"ListItem\",\"position\":2,\"name\":\"REQUEST A QUOTE\"}]},{\"@type\":\"WebSite\",\"@id\":\"https:\\\/\\\/cleaning.2gether2shine.at\\\/#website\",\"url\":\"https:\\\/\\\/cleaning.2gether2shine.at\\\/\",\"name\":\"Professionelle Geb\u00e4udereinigung Wien | 2gether2shine\",\"description\":\"Geb\u00e4udereinigung f\u00fcr B\u00fcros, Hotels &amp; Fitnessstudios in Wien und \u00d6sterreich\",\"potentialAction\":[{\"@type\":\"SearchAction\",\"target\":{\"@type\":\"EntryPoint\",\"urlTemplate\":\"https:\\\/\\\/cleaning.2gether2shine.at\\\/?s={search_term_string}\"},\"query-input\":{\"@type\":\"PropertyValueSpecification\",\"valueRequired\":true,\"valueName\":\"search_term_string\"}}],\"inLanguage\":\"en-US\"}]}<\/script>\n<!-- \/ Yoast SEO plugin. -->","yoast_head_json":{"title":"Kostenloses Angebot anfordern | 2gether2shine Wien","description":"Fordern Sie jetzt Ihr kostenloses Reinigungsangebot an. Professionelle Geb\u00e4udereinigung in Wien \u2013 individuell, flexibel & unverbindlich.","robots":{"index":"index","follow":"follow","max-snippet":"max-snippet:-1","max-image-preview":"max-image-preview:large","max-video-preview":"max-video-preview:-1"},"canonical":"https:\/\/cleaning.2gether2shine.at\/en\/request-a-quote\/","og_locale":"en_US","og_type":"article","og_title":"Kostenloses Angebot anfordern | 2gether2shine Wien","og_description":"Fordern Sie jetzt Ihr kostenloses Reinigungsangebot an. Professionelle Geb\u00e4udereinigung in Wien \u2013 individuell, flexibel & unverbindlich.","og_url":"https:\/\/cleaning.2gether2shine.at\/en\/request-a-quote\/","og_site_name":"Professionelle Geb\u00e4udereinigung Wien | 2gether2shine","article_modified_time":"2026-04-13T23:23:07+00:00","twitter_card":"summary_large_image","twitter_misc":{"Est. reading time":"1 minute"},"schema":{"@context":"https:\/\/schema.org","@graph":[{"@type":"WebPage","@id":"https:\/\/cleaning.2gether2shine.at\/en\/request-a-quote\/","url":"https:\/\/cleaning.2gether2shine.at\/en\/request-a-quote\/","name":"Kostenloses Angebot anfordern | 2gether2shine Wien","isPartOf":{"@id":"https:\/\/cleaning.2gether2shine.at\/#website"},"datePublished":"2019-06-06T09:30:04+00:00","dateModified":"2026-04-13T23:23:07+00:00","description":"Fordern Sie jetzt Ihr kostenloses Reinigungsangebot an. Professionelle Geb\u00e4udereinigung in Wien \u2013 individuell, flexibel & unverbindlich.","breadcrumb":{"@id":"https:\/\/cleaning.2gether2shine.at\/en\/request-a-quote\/#breadcrumb"},"inLanguage":"en-US","potentialAction":[{"@type":"ReadAction","target":["https:\/\/cleaning.2gether2shine.at\/en\/request-a-quote\/"]}]},{"@type":"BreadcrumbList","@id":"https:\/\/cleaning.2gether2shine.at\/en\/request-a-quote\/#breadcrumb","itemListElement":[{"@type":"ListItem","position":1,"name":"Home","item":"https:\/\/cleaning.2gether2shine.at\/en\/"},{"@type":"ListItem","position":2,"name":"REQUEST A QUOTE"}]},{"@type":"WebSite","@id":"https:\/\/cleaning.2gether2shine.at\/#website","url":"https:\/\/cleaning.2gether2shine.at\/","name":"Professionelle Geb\u00e4udereinigung Wien | 2gether2shine","description":"Geb\u00e4udereinigung f\u00fcr B\u00fcros, Hotels &amp; Fitnessstudios in Wien und \u00d6sterreich","potentialAction":[{"@type":"SearchAction","target":{"@type":"EntryPoint","urlTemplate":"https:\/\/cleaning.2gether2shine.at\/?s={search_term_string}"},"query-input":{"@type":"PropertyValueSpecification","valueRequired":true,"valueName":"search_term_string"}}],"inLanguage":"en-US"}]}},"_links":{"self":[{"href":"https:\/\/cleaning.2gether2shine.at\/en\/wp-json\/wp\/v2\/pages\/10598","targetHints":{"allow":["GET"]}}],"collection":[{"href":"https:\/\/cleaning.2gether2shine.at\/en\/wp-json\/wp\/v2\/pages"}],"about":[{"href":"https:\/\/cleaning.2gether2shine.at\/en\/wp-json\/wp\/v2\/types\/page"}],"author":[{"embeddable":true,"href":"https:\/\/cleaning.2gether2shine.at\/en\/wp-json\/wp\/v2\/users\/2"}],"replies":[{"embeddable":true,"href":"https:\/\/cleaning.2gether2shine.at\/en\/wp-json\/wp\/v2\/comments?post=10598"}],"version-history":[{"count":3,"href":"https:\/\/cleaning.2gether2shine.at\/en\/wp-json\/wp\/v2\/pages\/10598\/revisions"}],"predecessor-version":[{"id":11012,"href":"https:\/\/cleaning.2gether2shine.at\/en\/wp-json\/wp\/v2\/pages\/10598\/revisions\/11012"}],"wp:attachment":[{"href":"https:\/\/cleaning.2gether2shine.at\/en\/wp-json\/wp\/v2\/media?parent=10598"}],"curies":[{"name":"wp","href":"https:\/\/api.w.org\/{rel}","templated":true}]}}