{"id":10982,"date":"2026-04-13T19:56:14","date_gmt":"2026-04-13T19:56:14","guid":{"rendered":"https:\/\/cleaning.2gether2shine.at\/?page_id=10982"},"modified":"2026-04-13T22:58:03","modified_gmt":"2026-04-13T22:58:03","slug":"impressum","status":"publish","type":"page","link":"https:\/\/cleaning.2gether2shine.at\/en\/impressum\/","title":{"rendered":"Impressum"},"content":{"rendered":"<h2>Impressum<\/h2>\n<h3>Angaben gem\u00e4\u00df \u00a7 5 ECG und \u00a7 25 MedienG<\/h3>\n<p><strong>2Gether2shine GmbH<\/strong><br \/>\nBrambillagasse 4<br \/>\n1110 Wien<br \/>\n\u00d6sterreich<\/p>\n<h3>Kontakt<\/h3>\n<p>Telefon: +43 664 99618016<br \/>\nE-Mail: <a href=\"mailto:2gether2shine@gmx.at\">2gether2shine@gmx.at<\/a><br \/>\nWebsite: <a href=\"https:\/\/cleaning.2gether2shine.at\">cleaning.2gether2shine.at<\/a><\/p>\n<h3>Unternehmensgegenstand<\/h3>\n<p>Professionelle Geb\u00e4udereinigung und Reinigungsdienstleistungen<\/p>\n<h3>UID-Nummer<\/h3>\n<p>ATU 81591145<\/p>\n<h3>Firmenbuchnummer<\/h3>\n<p>FN 640622 t<\/p>\n<h3>Firmenbuchgericht<\/h3>\n<p>Handelsgericht Wien<\/p>\n<h3>Gewerbeberechtigung<\/h3>\n<p>Gewerbebeh\u00f6rde: Magistrat der Stadt Wien<br \/>\nGewerbe: Denkmal-, Fassaden- und Geb\u00e4udereinigung<\/p>\n<h3>Berufsrecht<\/h3>\n<p>Gewerbeordnung (GewO): <a href=\"https:\/\/www.ris.bka.gv.at\" target=\"_blank\" rel=\"noopener\">www.ris.bka.gv.at<\/a><\/p>\n<h3>Aufsichtsbeh\u00f6rde<\/h3>\n<p>Magistrat der Stadt Wien<\/p>\n<h3>Mitgliedschaft<\/h3>\n<p>Wirtschaftskammer Wien (WKO)<br \/>\nFachgruppe der Denkmal-, Fassaden- und Geb\u00e4udereiniger<\/p>\n<h3>Verbraucherstreitbeilegung \/ Universalschlichtungsstelle<\/h3>\n<p>Wir sind nicht bereit oder verpflichtet, an Streitbeilegungsverfahren vor einer Verbraucherschlichtungsstelle teilzunehmen.<\/p>\n<h3>Haftung f\u00fcr Inhalte<\/h3>\n<p>Als Diensteanbieter sind wir gem\u00e4\u00df \u00a7 7 Abs. 1 ECG f\u00fcr eigene Inhalte auf diesen Seiten nach den allgemeinen Gesetzen verantwortlich. Nach \u00a7\u00a7 8 bis 10 ECG sind wir als Diensteanbieter jedoch nicht unter bestimmten Voraussetzungen verpflichtet, \u00fcbermittelte oder gespeicherte fremde Informationen zu \u00fcberwachen oder nach Umst\u00e4nden zu forschen, die auf eine rechtswidrige T\u00e4tigkeit hinweisen.<\/p>\n<h3>Haftung f\u00fcr Links<\/h3>\n<p>Unser Angebot enth\u00e4lt Links zu externen Websites Dritter, auf deren Inhalte wir keinen Einfluss haben. Deshalb k\u00f6nnen wir f\u00fcr diese fremden Inhalte auch keine Gew\u00e4hr \u00fcbernehmen. F\u00fcr die Inhalte der verlinkten Seiten ist stets der jeweilige Anbieter oder Betreiber der Seiten verantwortlich.<\/p>\n<h3>Urheberrecht<\/h3>\n<p>Die durch die Seitenbetreiber erstellten Inhalte und Werke auf diesen Seiten unterliegen dem \u00f6sterreichischen Urheberrecht. Die Vervielf\u00e4ltigung, Bearbeitung, Verbreitung und jede Art der Verwertung au\u00dferhalb der Grenzen des Urheberrechtes bed\u00fcrfen der schriftlichen Zustimmung des jeweiligen Autors bzw. Erstellers.<\/p>\n<p><em>Stand: April 2026<\/em><\/p>\n","protected":false},"excerpt":{"rendered":"<p>Impressum Angaben gem\u00e4\u00df \u00a7 5 ECG und \u00a7 25 MedienG 2Gether2shine GmbH Brambillagasse 4 1110 Wien \u00d6sterreich Kontakt Telefon: +43 664 99618016 E-Mail: 2gether2shine@gmx.at Website: cleaning.2gether2shine.at Unternehmensgegenstand Professionelle Geb\u00e4udereinigung und Reinigungsdienstleistungen UID-Nummer ATU 81591145 Firmenbuchnummer FN 640622 t Firmenbuchgericht Handelsgericht Wien Gewerbeberechtigung Gewerbebeh\u00f6rde: Magistrat der Stadt Wien Gewerbe: Denkmal-, Fassaden- und Geb\u00e4udereinigung Berufsrecht Gewerbeordnung (GewO): &hellip; <a href=\"https:\/\/cleaning.2gether2shine.at\/en\/impressum\/\" class=\"more-link\">Continue reading <span class=\"screen-reader-text\">Impressum<\/span><\/a><\/p>\n","protected":false},"author":2,"featured_media":0,"parent":0,"menu_order":0,"comment_status":"closed","ping_status":"closed","template":"","meta":{"footnotes":""},"class_list":["post-10982","page","type-page","status-publish","hentry"],"yoast_head":"<!-- This site is optimized with the Yoast SEO plugin v27.4 - https:\/\/yoast.com\/product\/yoast-seo-wordpress\/ -->\n<title>Impressum | 2gether2shine GmbH Wien<\/title>\n<meta name=\"description\" content=\"Impressum der 2Gether2shine GmbH \u2013 Professionelle Geb\u00e4udereinigung in Wien. Kontakt, Firmendaten und rechtliche Informationen.\" \/>\n<meta name=\"robots\" content=\"index, follow, max-snippet:-1, max-image-preview:large, max-video-preview:-1\" \/>\n<link rel=\"canonical\" href=\"https:\/\/cleaning.2gether2shine.at\/en\/impressum\/\" \/>\n<meta property=\"og:locale\" content=\"en_US\" \/>\n<meta property=\"og:type\" content=\"article\" \/>\n<meta property=\"og:title\" content=\"Impressum | 2gether2shine GmbH Wien\" \/>\n<meta property=\"og:description\" content=\"Impressum der 2Gether2shine GmbH \u2013 Professionelle Geb\u00e4udereinigung in Wien. Kontakt, Firmendaten und rechtliche Informationen.\" \/>\n<meta property=\"og:url\" content=\"https:\/\/cleaning.2gether2shine.at\/en\/impressum\/\" \/>\n<meta property=\"og:site_name\" content=\"Professionelle Geb\u00e4udereinigung Wien | 2gether2shine\" \/>\n<meta property=\"article:modified_time\" content=\"2026-04-13T22:58:03+00:00\" \/>\n<meta name=\"twitter:card\" content=\"summary_large_image\" \/>\n<meta name=\"twitter:label1\" content=\"Est. reading time\" \/>\n\t<meta name=\"twitter:data1\" content=\"2 minutes\" \/>\n<script type=\"application\/ld+json\" class=\"yoast-schema-graph\">{\"@context\":\"https:\\\/\\\/schema.org\",\"@graph\":[{\"@type\":\"WebPage\",\"@id\":\"https:\\\/\\\/cleaning.2gether2shine.at\\\/en\\\/impressum\\\/\",\"url\":\"https:\\\/\\\/cleaning.2gether2shine.at\\\/en\\\/impressum\\\/\",\"name\":\"Impressum | 2gether2shine GmbH Wien\",\"isPartOf\":{\"@id\":\"https:\\\/\\\/cleaning.2gether2shine.at\\\/#website\"},\"datePublished\":\"2026-04-13T19:56:14+00:00\",\"dateModified\":\"2026-04-13T22:58:03+00:00\",\"description\":\"Impressum der 2Gether2shine GmbH \u2013 Professionelle Geb\u00e4udereinigung in Wien. Kontakt, Firmendaten und rechtliche Informationen.\",\"breadcrumb\":{\"@id\":\"https:\\\/\\\/cleaning.2gether2shine.at\\\/en\\\/impressum\\\/#breadcrumb\"},\"inLanguage\":\"en-US\",\"potentialAction\":[{\"@type\":\"ReadAction\",\"target\":[\"https:\\\/\\\/cleaning.2gether2shine.at\\\/en\\\/impressum\\\/\"]}]},{\"@type\":\"BreadcrumbList\",\"@id\":\"https:\\\/\\\/cleaning.2gether2shine.at\\\/en\\\/impressum\\\/#breadcrumb\",\"itemListElement\":[{\"@type\":\"ListItem\",\"position\":1,\"name\":\"Home\",\"item\":\"https:\\\/\\\/cleaning.2gether2shine.at\\\/en\\\/\"},{\"@type\":\"ListItem\",\"position\":2,\"name\":\"Impressum\"}]},{\"@type\":\"WebSite\",\"@id\":\"https:\\\/\\\/cleaning.2gether2shine.at\\\/#website\",\"url\":\"https:\\\/\\\/cleaning.2gether2shine.at\\\/\",\"name\":\"Professionelle Geb\u00e4udereinigung Wien | 2gether2shine\",\"description\":\"Geb\u00e4udereinigung f\u00fcr B\u00fcros, Hotels &amp; Fitnessstudios in Wien und \u00d6sterreich\",\"potentialAction\":[{\"@type\":\"SearchAction\",\"target\":{\"@type\":\"EntryPoint\",\"urlTemplate\":\"https:\\\/\\\/cleaning.2gether2shine.at\\\/?s={search_term_string}\"},\"query-input\":{\"@type\":\"PropertyValueSpecification\",\"valueRequired\":true,\"valueName\":\"search_term_string\"}}],\"inLanguage\":\"en-US\"}]}<\/script>\n<!-- \/ Yoast SEO plugin. -->","yoast_head_json":{"title":"Impressum | 2gether2shine GmbH Wien","description":"Impressum der 2Gether2shine GmbH \u2013 Professionelle Geb\u00e4udereinigung in Wien. Kontakt, Firmendaten und rechtliche Informationen.","robots":{"index":"index","follow":"follow","max-snippet":"max-snippet:-1","max-image-preview":"max-image-preview:large","max-video-preview":"max-video-preview:-1"},"canonical":"https:\/\/cleaning.2gether2shine.at\/en\/impressum\/","og_locale":"en_US","og_type":"article","og_title":"Impressum | 2gether2shine GmbH Wien","og_description":"Impressum der 2Gether2shine GmbH \u2013 Professionelle Geb\u00e4udereinigung in Wien. Kontakt, Firmendaten und rechtliche Informationen.","og_url":"https:\/\/cleaning.2gether2shine.at\/en\/impressum\/","og_site_name":"Professionelle Geb\u00e4udereinigung Wien | 2gether2shine","article_modified_time":"2026-04-13T22:58:03+00:00","twitter_card":"summary_large_image","twitter_misc":{"Est. reading time":"2 minutes"},"schema":{"@context":"https:\/\/schema.org","@graph":[{"@type":"WebPage","@id":"https:\/\/cleaning.2gether2shine.at\/en\/impressum\/","url":"https:\/\/cleaning.2gether2shine.at\/en\/impressum\/","name":"Impressum | 2gether2shine GmbH Wien","isPartOf":{"@id":"https:\/\/cleaning.2gether2shine.at\/#website"},"datePublished":"2026-04-13T19:56:14+00:00","dateModified":"2026-04-13T22:58:03+00:00","description":"Impressum der 2Gether2shine GmbH \u2013 Professionelle Geb\u00e4udereinigung in Wien. Kontakt, Firmendaten und rechtliche Informationen.","breadcrumb":{"@id":"https:\/\/cleaning.2gether2shine.at\/en\/impressum\/#breadcrumb"},"inLanguage":"en-US","potentialAction":[{"@type":"ReadAction","target":["https:\/\/cleaning.2gether2shine.at\/en\/impressum\/"]}]},{"@type":"BreadcrumbList","@id":"https:\/\/cleaning.2gether2shine.at\/en\/impressum\/#breadcrumb","itemListElement":[{"@type":"ListItem","position":1,"name":"Home","item":"https:\/\/cleaning.2gether2shine.at\/en\/"},{"@type":"ListItem","position":2,"name":"Impressum"}]},{"@type":"WebSite","@id":"https:\/\/cleaning.2gether2shine.at\/#website","url":"https:\/\/cleaning.2gether2shine.at\/","name":"Professionelle Geb\u00e4udereinigung Wien | 2gether2shine","description":"Geb\u00e4udereinigung f\u00fcr B\u00fcros, Hotels &amp; Fitnessstudios in Wien und \u00d6sterreich","potentialAction":[{"@type":"SearchAction","target":{"@type":"EntryPoint","urlTemplate":"https:\/\/cleaning.2gether2shine.at\/?s={search_term_string}"},"query-input":{"@type":"PropertyValueSpecification","valueRequired":true,"valueName":"search_term_string"}}],"inLanguage":"en-US"}]}},"_links":{"self":[{"href":"https:\/\/cleaning.2gether2shine.at\/en\/wp-json\/wp\/v2\/pages\/10982","targetHints":{"allow":["GET"]}}],"collection":[{"href":"https:\/\/cleaning.2gether2shine.at\/en\/wp-json\/wp\/v2\/pages"}],"about":[{"href":"https:\/\/cleaning.2gether2shine.at\/en\/wp-json\/wp\/v2\/types\/page"}],"author":[{"embeddable":true,"href":"https:\/\/cleaning.2gether2shine.at\/en\/wp-json\/wp\/v2\/users\/2"}],"replies":[{"embeddable":true,"href":"https:\/\/cleaning.2gether2shine.at\/en\/wp-json\/wp\/v2\/comments?post=10982"}],"version-history":[{"count":2,"href":"https:\/\/cleaning.2gether2shine.at\/en\/wp-json\/wp\/v2\/pages\/10982\/revisions"}],"predecessor-version":[{"id":10994,"href":"https:\/\/cleaning.2gether2shine.at\/en\/wp-json\/wp\/v2\/pages\/10982\/revisions\/10994"}],"wp:attachment":[{"href":"https:\/\/cleaning.2gether2shine.at\/en\/wp-json\/wp\/v2\/media?parent=10982"}],"curies":[{"name":"wp","href":"https:\/\/api.w.org\/{rel}","templated":true}]}}