{"id":6602,"date":"2018-08-03T06:04:16","date_gmt":"2018-08-03T06:04:16","guid":{"rendered":"https:\/\/cleaninco-demo.pbminfotech.com\/?page_id=6602"},"modified":"2026-04-14T12:21:19","modified_gmt":"2026-04-14T12:21:19","slug":"contacts","status":"publish","type":"page","link":"https:\/\/cleaning.2gether2shine.at\/en\/contacts\/","title":{"rendered":"Contacts"},"content":{"rendered":"<div class=\"wpb-content-wrapper\"><p>[vc_row el_class=&#8221;ts-small-icon&#8221;][vc_column width=&#8221;1\/3&#8243;]<div class=\"themestek-ihbox themestek-ihbox-style-1 themestek-ihbox-itype-icon vc_custom_1770146861617 \">\r\n\t<div class=\"themestek-sbox-bgimage-layer themestek-bgimage-layer\"><\/div>\r\n\t<div class=\"themestek-ihbox-wrapper-bg-layer themestek-bg-layer\"><\/div>\r\n\t<div class=\"themestek-ihbox-inner\">\r\n\t\t<div class=\"ts-ihbox-heading-with-icon\">\r\n\t\t\t<div class=\"themestek-ihbox-icon \">\r\n\t\t\t\t<div class=\"themestek-ihbox-icon-wrapper\"><i class=\"themestek-cleaninco-business-icon themestek-cleaninco-business-icon-placeholder-1\"><\/i><\/div>\t\t\t<\/div>\r\n\t\t\t<div class=\"themestek-ihbox-heading\">\r\n\t\t\t\t<div class=\"themestek-vc_general themestek-vc_cta3 themestek-cta3-only themestek-vc_cta3-style-classic themestek-vc_cta3-shape-rounded themestek-vc_cta3-align-left themestek-vc_cta3-color-transparent themestek-vc_cta3-icon-size-md themestek-vc_cta3-actions-no themestek-cta3-with-desc\"><div class=\"themestek-vc_cta3_content-container\"><div class=\"themestek-vc_cta3-content\"><div class=\"themestek-vc_cta3-content-header themestek-wrap\"><div class=\"themestek-vc_cta3-headers themestek-wrap-cell\"><h2 class=\"themestek-custom-heading \">Address<\/h2>\n<\/div><\/div><div class=\"themestek-cta3-content-wrapper\"> <\/div><\/div><\/div><\/div>\t\t\t\t<div class=\"themestek-ihbox-contents\">\t\t\t\r\n\t\t\t\t\t<div class=\"themestek-cta3-content-wrapper\">1110, Wien Brambillagasse 4<\/div>\t\t\t\t\t\t\t\t\t<\/div>\r\n\t\t\t<\/div>\t\t\t\r\n\t\t<\/div>\r\n\t<\/div>\t\r\n<\/div>\r\n[\/vc_column][vc_column width=&#8221;1\/3&#8243;]<div class=\"themestek-ihbox themestek-ihbox-style-1 themestek-ihbox-itype-icon vc_custom_1770146884512 \">\r\n\t<div class=\"themestek-sbox-bgimage-layer themestek-bgimage-layer\"><\/div>\r\n\t<div class=\"themestek-ihbox-wrapper-bg-layer themestek-bg-layer\"><\/div>\r\n\t<div class=\"themestek-ihbox-inner\">\r\n\t\t<div class=\"ts-ihbox-heading-with-icon\">\r\n\t\t\t<div class=\"themestek-ihbox-icon \">\r\n\t\t\t\t<div class=\"themestek-ihbox-icon-wrapper\"><i class=\"themestek-cleaninco-business-icon themestek-cleaninco-business-icon-call\"><\/i><\/div>\t\t\t<\/div>\r\n\t\t\t<div class=\"themestek-ihbox-heading\">\r\n\t\t\t\t<div class=\"themestek-vc_general themestek-vc_cta3 themestek-cta3-only themestek-vc_cta3-style-classic themestek-vc_cta3-shape-rounded themestek-vc_cta3-align-left themestek-vc_cta3-color-transparent themestek-vc_cta3-icon-size-md themestek-vc_cta3-actions-no themestek-cta3-with-desc\"><div class=\"themestek-vc_cta3_content-container\"><div class=\"themestek-vc_cta3-content\"><div class=\"themestek-vc_cta3-content-header themestek-wrap\"><div class=\"themestek-vc_cta3-headers themestek-wrap-cell\"><h2 class=\"themestek-custom-heading \">Phone Number<\/h2>\n<\/div><\/div><div class=\"themestek-cta3-content-wrapper\"> <\/div><\/div><\/div><\/div>\t\t\t\t<div class=\"themestek-ihbox-contents\">\t\t\t\r\n\t\t\t\t\t<div class=\"themestek-cta3-content-wrapper\">+ 43 664 99618016<\/div>\t\t\t\t\t\t\t\t\t<\/div>\r\n\t\t\t<\/div>\t\t\t\r\n\t\t<\/div>\r\n\t<\/div>\t\r\n<\/div>\r\n[\/vc_column][vc_column width=&#8221;1\/3&#8243;]<div class=\"themestek-ihbox themestek-ihbox-style-1 themestek-ihbox-itype-icon vc_custom_1770146898225 \">\r\n\t<div class=\"themestek-sbox-bgimage-layer themestek-bgimage-layer\"><\/div>\r\n\t<div class=\"themestek-ihbox-wrapper-bg-layer themestek-bg-layer\"><\/div>\r\n\t<div class=\"themestek-ihbox-inner\">\r\n\t\t<div class=\"ts-ihbox-heading-with-icon\">\r\n\t\t\t<div class=\"themestek-ihbox-icon \">\r\n\t\t\t\t<div class=\"themestek-ihbox-icon-wrapper\"><i class=\"themestek-cleaninco-business-icon themestek-cleaninco-business-icon-email\"><\/i><\/div>\t\t\t<\/div>\r\n\t\t\t<div class=\"themestek-ihbox-heading\">\r\n\t\t\t\t<div class=\"themestek-vc_general themestek-vc_cta3 themestek-cta3-only themestek-vc_cta3-style-classic themestek-vc_cta3-shape-rounded themestek-vc_cta3-align-left themestek-vc_cta3-color-transparent themestek-vc_cta3-icon-size-md themestek-vc_cta3-actions-no themestek-cta3-with-desc\"><div class=\"themestek-vc_cta3_content-container\"><div class=\"themestek-vc_cta3-content\"><div class=\"themestek-vc_cta3-content-header themestek-wrap\"><div class=\"themestek-vc_cta3-headers themestek-wrap-cell\"><h2 class=\"themestek-custom-heading \">Email<\/h2>\n<\/div><\/div><div class=\"themestek-cta3-content-wrapper\"> <\/div><\/div><\/div><\/div>\t\t\t\t<div class=\"themestek-ihbox-contents\">\t\t\t\r\n\t\t\t\t\t<div class=\"themestek-cta3-content-wrapper\">2gether2shine@gmx.at<\/div>\t\t\t\t\t\t\t\t\t<\/div>\r\n\t\t\t<\/div>\t\t\t\r\n\t\t<\/div>\r\n\t<\/div>\t\r\n<\/div>\r\n[\/vc_column][\/vc_row][vc_row full_width=&#8221;stretch_row_content_no_spaces&#8221; equal_height=&#8221;yes&#8221; css=&#8221;.vc_custom_1558506261267{padding-top: 0px !important;padding-bottom: 0px !important;}&#8221;][vc_column themestek_col_bg_expand=&#8221;left&#8221; width=&#8221;1\/2&#8243;][vc_column_text css=&#8221;.vc_custom_1770147000970{margin-bottom: 0px !important;}&#8221;]<iframe loading=\"lazy\" style=\"border: 0;\" src=\"https:\/\/www.google.com\/maps\/embed?pb=!1m18!1m12!1m3!1d2660.958465834736!2d16.4227317765635!3d48.16888174898115!2m3!1f0!2f0!3f0!3m2!1i1024!2i768!4f13.1!3m3!1m2!1s0x476daa1a677ff5c9%3A0xb50e685fbd28706a!2sBrambillagasse%204%2C%201110%20Wien%2C%20Austria!5e0!3m2!1sen!2s!4v1770146946293!5m2!1sen!2s\" width=\"600\" height=\"650\" allowfullscreen=\"allowfullscreen\"><\/iframe>[\/vc_column_text][\/vc_column][vc_column themestek_bgcolor=&#8221;grey&#8221; themestek_col_bg_expand=&#8221;right&#8221; width=&#8221;1\/2&#8243; css=&#8221;.vc_custom_1558609788885{padding-top: 60px !important;padding-right: 35% !important;padding-left: 60px !important;}&#8221; themestek_responsive_css=&#8221;33195356|colbreak_no|||||||||colbreak_no|||||30|30||30|colbreak_no||||||25||25||colbreak_no|||||||||&#8221;]<div class=\"themestek-element-heading-wrapper themestek-heading-inner themestek-element-align-left themestek-seperator-none \"><section class=\"themestek-vc_cta3-container\"><div class=\"themestek-vc_general themestek-vc_cta3 themestek-cta3-only themestek-vc_cta3-style-classic themestek-vc_cta3-shape-rounded themestek-vc_cta3-align-left themestek-vc_cta3-color-transparent themestek-vc_cta3-icon-size-md themestek-vc_cta3-actions-no themestek-cta3-without-desc\"><div class=\"themestek-vc_cta3_content-container\"><div class=\"themestek-vc_cta3-content\"><div class=\"themestek-vc_cta3-content-header themestek-wrap\"><div class=\"themestek-vc_cta3-headers themestek-wrap-cell\"><h4 class=\"themestek-custom-heading \" >PLEASE Fill Form<\/h4>\n<h2 class=\"themestek-custom-heading \" >Do You Have Any Questions?<\/h2>\n<\/div><\/div><\/div><\/div><\/div><\/section><\/div> <!-- .themestek-element-heading-wrapper container --> \n<div class=\"wpcf7 no-js\" id=\"wpcf7-f10414-o1\" lang=\"en-US\" dir=\"ltr\" data-wpcf7-id=\"10414\">\n<div class=\"screen-reader-response\"><p role=\"status\" aria-live=\"polite\" aria-atomic=\"true\"><\/p> <ul><\/ul><\/div>\n<form action=\"\/en\/wp-json\/wp\/v2\/pages\/6602#wpcf7-f10414-o1\" method=\"post\" class=\"wpcf7-form init\" aria-label=\"Contact form\" novalidate=\"novalidate\" data-status=\"init\">\n<fieldset class=\"hidden-fields-container\"><input type=\"hidden\" name=\"_wpcf7\" value=\"10414\" \/><input type=\"hidden\" name=\"_wpcf7_version\" value=\"6.1.5\" \/><input type=\"hidden\" name=\"_wpcf7_locale\" value=\"en_US\" \/><input type=\"hidden\" name=\"_wpcf7_unit_tag\" value=\"wpcf7-f10414-o1\" \/><input type=\"hidden\" name=\"_wpcf7_container_post\" value=\"0\" \/><input type=\"hidden\" name=\"_wpcf7_posted_data_hash\" value=\"\" \/>\n<\/fieldset>\n<div class=\"main-form\">\n\t<div class=\"row\">\n\t\t<div class=\"col-md-6\">\n\t\t\t<div class=\"input-group\">\n\t\t\t\t<p><span class=\"wpcf7-form-control-wrap\" data-name=\"your-name\"><input size=\"40\" maxlength=\"400\" class=\"wpcf7-form-control wpcf7-text\" aria-invalid=\"false\" placeholder=\"Name\" value=\"\" type=\"text\" name=\"your-name\" \/><\/span>\n\t\t\t\t<\/p>\n\t\t\t<\/div>\n\t\t<\/div>\n\t\t<div class=\"col-md-6\">\n\t\t\t<div class=\"input-group\">\n\t\t\t\t<p><span class=\"wpcf7-form-control-wrap\" data-name=\"your-email\"><input size=\"40\" maxlength=\"400\" class=\"wpcf7-form-control wpcf7-text\" aria-invalid=\"false\" placeholder=\"Email\" value=\"\" type=\"text\" name=\"your-email\" \/><\/span>\n\t\t\t\t<\/p>\n\t\t\t<\/div>\n\t\t<\/div>\n\t\t<div class=\"col-md-6\">\n\t\t\t<div class=\"input-group\">\n\t\t\t\t<p><span class=\"wpcf7-form-control-wrap\" data-name=\"phone\"><input size=\"40\" maxlength=\"400\" class=\"wpcf7-form-control wpcf7-text\" aria-invalid=\"false\" placeholder=\"Phone\" value=\"\" type=\"text\" name=\"phone\" \/><\/span>\n\t\t\t\t<\/p>\n\t\t\t<\/div>\n\t\t<\/div>\n\t\t<div class=\"col-md-6\">\n\t\t\t<div class=\"input-group\">\n\t\t\t\t<p><span class=\"wpcf7-form-control-wrap\" data-name=\"text-99\"><input size=\"40\" maxlength=\"400\" class=\"wpcf7-form-control wpcf7-text\" aria-invalid=\"false\" placeholder=\"Subject\" value=\"\" type=\"text\" name=\"text-99\" \/><\/span>\n\t\t\t\t<\/p>\n\t\t\t<\/div>\n\t\t<\/div>\n\t\t<div class=\"col-md-12\">\n\t\t\t<div class=\"input-group input-button\">\n\t\t\t\t<p><span class=\"wpcf7-form-control-wrap\" data-name=\"message\"><textarea cols=\"40\" rows=\"4\" maxlength=\"2000\" class=\"wpcf7-form-control wpcf7-textarea\" aria-invalid=\"false\" placeholder=\"Message\" name=\"message\"><\/textarea><\/span>\n\t\t\t\t<\/p>\n\t\t\t<\/div>\n\t\t<\/div>\n\t\t<div class=\"col-md-6\">\n\t\t\t<div class=\"input-group input-button\">\n\t\t\t\t<p><input class=\"wpcf7-form-control wpcf7-submit has-spinner btn-block\" type=\"submit\" value=\"SEND MESSAGE\" \/>\n\t\t\t\t<\/p>\n\t\t\t<\/div>\n\t\t<\/div>\n\t<\/div>\n<\/div><div class=\"wpcf7-response-output\" aria-hidden=\"true\"><\/div>\n<\/form>\n<\/div>\n[\/vc_column][\/vc_row]<br \/>\n[vc_row full_width=&#8221;stretch_row&#8221;][vc_column][vc_raw_html]PGRpdiBzdHlsZT0idGV4dC1hbGlnbjpjZW50ZXI7cGFkZGluZzo2MHB4IDIwcHg7YmFja2dyb3VuZDojRkZGOUU2OyI+PGRpdiBzdHlsZT0ibWF4LXdpZHRoOjcwMHB4O21hcmdpbjowIGF1dG87Ij48ZGl2IHN0eWxlPSJtYXJnaW4tYm90dG9tOjIwcHg7Ij48c3ZnIHhtbG5zPVwiaHR0cDovL3d3dy53My5vcmcvMjAwMC9zdmdcIiB3aWR0aD1cIjQ4XCIgaGVpZ2h0PVwiNDhcIiB2aWV3Qm94PVwiMCAwIDQ4IDQ4XCI+PHBhdGggZmlsbD1cIiM0Mjg1RjRcIiBkPVwiTTQ0LjUgMjBIMjR2OC41aDExLjhDMzQuNyAzMy45IDMwLjEgMzcgMjQgMzdjLTcuMiAwLTEzLTUuOC0xMy0xM3M1LjgtMTMgMTMtMTNjMy4xIDAgNS45IDEuMSA4LjEgMi45bDYuNC02LjRDMzQuNiA0LjEgMjkuNiAyIDI0IDIgMTEuOCAyIDIgMTEuOCAyIDI0czkuOCAyMiAyMiAyMmMxMSAwIDIxLTggMjEtMjIgMC0xLjMtLjItMi43LS41LTR6XCIvPjwvc3ZnPjwvZGl2PjxoMiBzdHlsZT1cImNvbG9yOiMxQTFBMUE7Zm9udC1zaXplOjI4cHg7Zm9udC13ZWlnaHQ6NzAwO21hcmdpbi1ib3R0b206MTBweDtcIj5XaGF0IE91ciBDdXN0b21lcnMgU2F5PC9oMj48cCBzdHlsZT1cImNvbG9yOiM2QjcyODA7Zm9udC1zaXplOjE2cHg7bWFyZ2luLWJvdHRvbToyMHB4O1wiPldlIGFyZSBwcm91ZCBvZiBldmVyeSBjbGVhbiBzcGFjZSB3ZSBsZWF2ZSBiZWhpbmQuIFNoYXJlIHlvdXIgZXhwZXJpZW5jZSB3aXRoIHVzIG9uIEdvb2dsZSE8L3A+PGRpdiBzdHlsZT1cIm1hcmdpbi1ib3R0b206MjRweDtcIj48c3BhbiBzdHlsZT1cImNvbG9yOiNDQzAxMDA7Zm9udC1zaXplOjM2cHg7bGV0dGVyLXNwYWNpbmc6NHB4O1wiPiYjOTczMzsmIzk3MzM7JiM5NzMzOyYjOTczMzsmIzk3MzM7PC9zcGFuPjwvZGl2PjxhIGhyZWY9XCJodHRwczovL3d3dy5nb29nbGUuY29tL21hcHMvcGxhY2UvMmdldGhlcjJzaGluZStHbWJIL0A0OC4xNjg4NzgyLDE2LjQyNTMwNjcsMTd6L2RhdGE9ITNtMSE0YjEhNG02ITNtNSExczB4NDc2ZGFiM2EwZjU2Y2VhYjoweDkxZTQ1ZDhiYWY5MTUyZWEhOG0yITNkNDguMTY4ODc4MiE0ZDE2LjQyNTMwNjchMTZzJTJGZyUyRjExeXlmd21wYzhcIiB0YXJnZXQ9XCJfYmxhbmtcIiByZWw9XCJub29wZW5lciBub3JlZmVycmVyXCIgc3R5bGU9XCJkaXNwbGF5OmlubGluZS1ibG9jaztiYWNrZ3JvdW5kOiNDQzAxMDA7Y29sb3I6I2ZmZmZmZjtwYWRkaW5nOjE0cHggMzJweDtib3JkZXItcmFkaXVzOjRweDtmb250LXNpemU6MTZweDtmb250LXdlaWdodDo3MDA7dGV4dC1kZWNvcmF0aW9uOm5vbmU7XCI+UmVhZCAmYW1wOyBXcml0ZSBHb29nbGUgUmV2aWV3czwvYT48L2Rpdj48L2Rpdj4=[\/vc_raw_html][\/vc_column][\/vc_row]<\/p>\n<\/div>","protected":false},"excerpt":{"rendered":"<p>Kontaktieren Sie 2Gether2shine GmbH f\u00fcr professionelle Geb\u00e4udereinigung in Wien. Kostenlose Besichtigung und unverbindliches Angebot. Tel: +43 664 99618016.<\/p>\n","protected":false},"author":2,"featured_media":10818,"parent":0,"menu_order":18,"comment_status":"closed","ping_status":"closed","template":"","meta":{"footnotes":""},"class_list":["post-6602","page","type-page","status-publish","has-post-thumbnail","hentry"],"yoast_head":"<!-- This site is optimized with the Yoast SEO plugin v27.4 - https:\/\/yoast.com\/product\/yoast-seo-wordpress\/ -->\n<title>Kontakt \u2013 2gether2shine Geb\u00e4udereinigung Wien<\/title>\n<meta name=\"description\" content=\"2gether2shine kontaktieren: +43 664 99618016 | 1110 Wien, Brambillagasse 4. Kostenlose Beratung &amp; Probereinigung f\u00fcr Ihre R\u00e4umlichkeiten.\" \/>\n<meta name=\"robots\" content=\"index, follow, max-snippet:-1, max-image-preview:large, max-video-preview:-1\" \/>\n<link rel=\"canonical\" href=\"https:\/\/cleaning.2gether2shine.at\/en\/contacts\/\" \/>\n<meta property=\"og:locale\" content=\"en_US\" \/>\n<meta property=\"og:type\" content=\"article\" \/>\n<meta property=\"og:title\" content=\"Kontakt \u2013 2gether2shine Geb\u00e4udereinigung Wien\" \/>\n<meta property=\"og:description\" content=\"2gether2shine kontaktieren: +43 664 99618016 | 1110 Wien, Brambillagasse 4. Kostenlose Beratung &amp; Probereinigung f\u00fcr Ihre R\u00e4umlichkeiten.\" \/>\n<meta property=\"og:url\" content=\"https:\/\/cleaning.2gether2shine.at\/en\/contacts\/\" \/>\n<meta property=\"og:site_name\" content=\"Professionelle Geb\u00e4udereinigung Wien | 2gether2shine\" \/>\n<meta property=\"article:modified_time\" content=\"2026-04-14T12:21:19+00:00\" \/>\n<meta property=\"og:image\" content=\"https:\/\/cleaning.2gether2shine.at\/wp-content\/uploads\/2026\/02\/cropped-Screenshot-2026-02-03-at-6.12.37-PM.png\" \/>\n\t<meta property=\"og:image:width\" content=\"512\" \/>\n\t<meta property=\"og:image:height\" content=\"512\" \/>\n\t<meta property=\"og:image:type\" content=\"image\/png\" \/>\n<meta name=\"twitter:card\" content=\"summary_large_image\" \/>\n<meta name=\"twitter:label1\" content=\"Est. reading time\" \/>\n\t<meta name=\"twitter:data1\" content=\"1 minute\" \/>\n<script type=\"application\/ld+json\" class=\"yoast-schema-graph\">{\"@context\":\"https:\\\/\\\/schema.org\",\"@graph\":[{\"@type\":\"WebPage\",\"@id\":\"https:\\\/\\\/cleaning.2gether2shine.at\\\/en\\\/contacts\\\/\",\"url\":\"https:\\\/\\\/cleaning.2gether2shine.at\\\/en\\\/contacts\\\/\",\"name\":\"Kontakt \u2013 2gether2shine Geb\u00e4udereinigung Wien\",\"isPartOf\":{\"@id\":\"https:\\\/\\\/cleaning.2gether2shine.at\\\/#website\"},\"primaryImageOfPage\":{\"@id\":\"https:\\\/\\\/cleaning.2gether2shine.at\\\/en\\\/contacts\\\/#primaryimage\"},\"image\":{\"@id\":\"https:\\\/\\\/cleaning.2gether2shine.at\\\/en\\\/contacts\\\/#primaryimage\"},\"thumbnailUrl\":\"https:\\\/\\\/cleaning.2gether2shine.at\\\/wp-content\\\/uploads\\\/2026\\\/02\\\/cropped-Screenshot-2026-02-03-at-6.12.37-PM.png\",\"datePublished\":\"2018-08-03T06:04:16+00:00\",\"dateModified\":\"2026-04-14T12:21:19+00:00\",\"description\":\"2gether2shine kontaktieren: +43 664 99618016 | 1110 Wien, Brambillagasse 4. Kostenlose Beratung & Probereinigung f\u00fcr Ihre R\u00e4umlichkeiten.\",\"breadcrumb\":{\"@id\":\"https:\\\/\\\/cleaning.2gether2shine.at\\\/en\\\/contacts\\\/#breadcrumb\"},\"inLanguage\":\"en-US\",\"potentialAction\":[{\"@type\":\"ReadAction\",\"target\":[\"https:\\\/\\\/cleaning.2gether2shine.at\\\/en\\\/contacts\\\/\"]}]},{\"@type\":\"ImageObject\",\"inLanguage\":\"en-US\",\"@id\":\"https:\\\/\\\/cleaning.2gether2shine.at\\\/en\\\/contacts\\\/#primaryimage\",\"url\":\"https:\\\/\\\/cleaning.2gether2shine.at\\\/wp-content\\\/uploads\\\/2026\\\/02\\\/cropped-Screenshot-2026-02-03-at-6.12.37-PM.png\",\"contentUrl\":\"https:\\\/\\\/cleaning.2gether2shine.at\\\/wp-content\\\/uploads\\\/2026\\\/02\\\/cropped-Screenshot-2026-02-03-at-6.12.37-PM.png\",\"width\":512,\"height\":512},{\"@type\":\"BreadcrumbList\",\"@id\":\"https:\\\/\\\/cleaning.2gether2shine.at\\\/en\\\/contacts\\\/#breadcrumb\",\"itemListElement\":[{\"@type\":\"ListItem\",\"position\":1,\"name\":\"Home\",\"item\":\"https:\\\/\\\/cleaning.2gether2shine.at\\\/en\\\/\"},{\"@type\":\"ListItem\",\"position\":2,\"name\":\"Contacts\"}]},{\"@type\":\"WebSite\",\"@id\":\"https:\\\/\\\/cleaning.2gether2shine.at\\\/#website\",\"url\":\"https:\\\/\\\/cleaning.2gether2shine.at\\\/\",\"name\":\"Professionelle Geb\u00e4udereinigung Wien | 2gether2shine\",\"description\":\"Geb\u00e4udereinigung f\u00fcr B\u00fcros, Hotels &amp; Fitnessstudios in Wien und \u00d6sterreich\",\"potentialAction\":[{\"@type\":\"SearchAction\",\"target\":{\"@type\":\"EntryPoint\",\"urlTemplate\":\"https:\\\/\\\/cleaning.2gether2shine.at\\\/?s={search_term_string}\"},\"query-input\":{\"@type\":\"PropertyValueSpecification\",\"valueRequired\":true,\"valueName\":\"search_term_string\"}}],\"inLanguage\":\"en-US\"}]}<\/script>\n<!-- \/ Yoast SEO plugin. -->","yoast_head_json":{"title":"Kontakt \u2013 2gether2shine Geb\u00e4udereinigung Wien","description":"2gether2shine kontaktieren: +43 664 99618016 | 1110 Wien, Brambillagasse 4. Kostenlose Beratung & Probereinigung f\u00fcr Ihre R\u00e4umlichkeiten.","robots":{"index":"index","follow":"follow","max-snippet":"max-snippet:-1","max-image-preview":"max-image-preview:large","max-video-preview":"max-video-preview:-1"},"canonical":"https:\/\/cleaning.2gether2shine.at\/en\/contacts\/","og_locale":"en_US","og_type":"article","og_title":"Kontakt \u2013 2gether2shine Geb\u00e4udereinigung Wien","og_description":"2gether2shine kontaktieren: +43 664 99618016 | 1110 Wien, Brambillagasse 4. Kostenlose Beratung & Probereinigung f\u00fcr Ihre R\u00e4umlichkeiten.","og_url":"https:\/\/cleaning.2gether2shine.at\/en\/contacts\/","og_site_name":"Professionelle Geb\u00e4udereinigung Wien | 2gether2shine","article_modified_time":"2026-04-14T12:21:19+00:00","og_image":[{"width":512,"height":512,"url":"https:\/\/cleaning.2gether2shine.at\/wp-content\/uploads\/2026\/02\/cropped-Screenshot-2026-02-03-at-6.12.37-PM.png","type":"image\/png"}],"twitter_card":"summary_large_image","twitter_misc":{"Est. reading time":"1 minute"},"schema":{"@context":"https:\/\/schema.org","@graph":[{"@type":"WebPage","@id":"https:\/\/cleaning.2gether2shine.at\/en\/contacts\/","url":"https:\/\/cleaning.2gether2shine.at\/en\/contacts\/","name":"Kontakt \u2013 2gether2shine Geb\u00e4udereinigung Wien","isPartOf":{"@id":"https:\/\/cleaning.2gether2shine.at\/#website"},"primaryImageOfPage":{"@id":"https:\/\/cleaning.2gether2shine.at\/en\/contacts\/#primaryimage"},"image":{"@id":"https:\/\/cleaning.2gether2shine.at\/en\/contacts\/#primaryimage"},"thumbnailUrl":"https:\/\/cleaning.2gether2shine.at\/wp-content\/uploads\/2026\/02\/cropped-Screenshot-2026-02-03-at-6.12.37-PM.png","datePublished":"2018-08-03T06:04:16+00:00","dateModified":"2026-04-14T12:21:19+00:00","description":"2gether2shine kontaktieren: +43 664 99618016 | 1110 Wien, Brambillagasse 4. Kostenlose Beratung & Probereinigung f\u00fcr Ihre R\u00e4umlichkeiten.","breadcrumb":{"@id":"https:\/\/cleaning.2gether2shine.at\/en\/contacts\/#breadcrumb"},"inLanguage":"en-US","potentialAction":[{"@type":"ReadAction","target":["https:\/\/cleaning.2gether2shine.at\/en\/contacts\/"]}]},{"@type":"ImageObject","inLanguage":"en-US","@id":"https:\/\/cleaning.2gether2shine.at\/en\/contacts\/#primaryimage","url":"https:\/\/cleaning.2gether2shine.at\/wp-content\/uploads\/2026\/02\/cropped-Screenshot-2026-02-03-at-6.12.37-PM.png","contentUrl":"https:\/\/cleaning.2gether2shine.at\/wp-content\/uploads\/2026\/02\/cropped-Screenshot-2026-02-03-at-6.12.37-PM.png","width":512,"height":512},{"@type":"BreadcrumbList","@id":"https:\/\/cleaning.2gether2shine.at\/en\/contacts\/#breadcrumb","itemListElement":[{"@type":"ListItem","position":1,"name":"Home","item":"https:\/\/cleaning.2gether2shine.at\/en\/"},{"@type":"ListItem","position":2,"name":"Contacts"}]},{"@type":"WebSite","@id":"https:\/\/cleaning.2gether2shine.at\/#website","url":"https:\/\/cleaning.2gether2shine.at\/","name":"Professionelle Geb\u00e4udereinigung Wien | 2gether2shine","description":"Geb\u00e4udereinigung f\u00fcr B\u00fcros, Hotels &amp; Fitnessstudios in Wien und \u00d6sterreich","potentialAction":[{"@type":"SearchAction","target":{"@type":"EntryPoint","urlTemplate":"https:\/\/cleaning.2gether2shine.at\/?s={search_term_string}"},"query-input":{"@type":"PropertyValueSpecification","valueRequired":true,"valueName":"search_term_string"}}],"inLanguage":"en-US"}]}},"_links":{"self":[{"href":"https:\/\/cleaning.2gether2shine.at\/en\/wp-json\/wp\/v2\/pages\/6602","targetHints":{"allow":["GET"]}}],"collection":[{"href":"https:\/\/cleaning.2gether2shine.at\/en\/wp-json\/wp\/v2\/pages"}],"about":[{"href":"https:\/\/cleaning.2gether2shine.at\/en\/wp-json\/wp\/v2\/types\/page"}],"author":[{"embeddable":true,"href":"https:\/\/cleaning.2gether2shine.at\/en\/wp-json\/wp\/v2\/users\/2"}],"replies":[{"embeddable":true,"href":"https:\/\/cleaning.2gether2shine.at\/en\/wp-json\/wp\/v2\/comments?post=6602"}],"version-history":[{"count":7,"href":"https:\/\/cleaning.2gether2shine.at\/en\/wp-json\/wp\/v2\/pages\/6602\/revisions"}],"predecessor-version":[{"id":11053,"href":"https:\/\/cleaning.2gether2shine.at\/en\/wp-json\/wp\/v2\/pages\/6602\/revisions\/11053"}],"wp:featuredmedia":[{"embeddable":true,"href":"https:\/\/cleaning.2gether2shine.at\/en\/wp-json\/wp\/v2\/media\/10818"}],"wp:attachment":[{"href":"https:\/\/cleaning.2gether2shine.at\/en\/wp-json\/wp\/v2\/media?parent=6602"}],"curies":[{"name":"wp","href":"https:\/\/api.w.org\/{rel}","templated":true}]}}