{"id":6606,"date":"2018-08-03T06:09:18","date_gmt":"2018-08-03T06:09:18","guid":{"rendered":"https:\/\/cleaninco-demo.pbminfotech.com\/?page_id=6606"},"modified":"2018-08-03T06:09:18","modified_gmt":"2018-08-03T06:09:18","slug":"projects-style-1","status":"publish","type":"page","link":"https:\/\/cleaning.2gether2shine.at\/en\/projects-style-1\/","title":{"rendered":"Projects Style 1"},"content":{"rendered":"<div class=\"wpb-content-wrapper\"><p>\t\t\t\t[vc_row full_width=&#8221;stretch_row&#8221;][vc_column]<div class=\"themestek-boxes themestek-boxes-portfolio themestek-boxes-view-default themestek-boxes-col-three themestek-boxes-sortable-no themestek-boxes-textalign-center themestek-boxes-sortablebutton-\">\r\n\t\t<div class=\"themestek-boxes-inner themestek-boxes-portfolio-inner \">\r\n\t\t\t\r\n\t\t\t<div class=\"row multi-columns-row themestek-boxes-row-wrapper\">\r\n\t\t\t\t<div class=\"themestek-box-col-wrapper col-lg-4 col-sm-6 col-md-4 col-xs-12 ts-term-13 ts-term-14\"><article class=\"themestek-box themestek-box-portfolio themestek-portfoliobox-style-1\">\r\n\t<div class=\"themestek-post-item\">\r\n\t\t\r\n\t\t<span class=\"themestek-item-thumbnail\">\r\n\t\t\t<span class=\"themestek-item-thumbnail-inner\">\r\n\t\t\t\t<img loading=\"lazy\" decoding=\"async\" width=\"800\" height=\"650\" src=\"https:\/\/cleaning.2gether2shine.at\/wp-content\/uploads\/2019\/03\/McFIT-Heilbronn-2-k-1440x960-1-800x650.jpg\" class=\"attachment-themestek-img-800x650 size-themestek-img-800x650 wp-post-image\" alt=\"\" data-id=\"10800\" \/>\r\n\t\t\t<\/span>\r\n\t\t<\/span>\t\t<div class=\"themestek-box-content\">\r\n            <div class=\"themestek-box-content-inner\">\t\t\t  \r\n\t\t\t\t<div class=\"themestek-pf-box-title\">\r\n\t\t\t\t\t<div class=\"themestek-box-category\"><a href=\"https:\/\/cleaning.2gether2shine.at\/en\/project-category\/cleaning\/\" rel=\"tag\">Cleaning<\/a>, <a href=\"https:\/\/cleaning.2gether2shine.at\/en\/project-category\/interior\/\" rel=\"tag\">Interior<\/a><\/div>\r\n\t\t\t\t\t<h3><a href=\"https:\/\/cleaning.2gether2shine.at\/en\/project\/mcfit\/\">McFit<\/a><\/h3>\t\t\t\t\t\r\n\t\t\t\t<\/div>\r\n\t\t\t\t<a href=\"https:\/\/cleaning.2gether2shine.at\/en\/project\/mcfit\/\" title=\"Go to McFit\" class=\"themestek-icon-btn\"><i class=\"themestek-cleaninco-icon-plus-1\"><\/i><\/a>\r\n\t\t\t<\/div>\t\t\r\n\t\t<\/div>\r\n\t<\/div>\r\n<\/article><\/div>\r\n\t\t\t<\/div>\r\n\t\t<\/div><!-- .themestek-boxes-inner -->   <\/div><!-- .themestek-boxes -->  [\/vc_column][\/vc_row]\t\t<\/p>\n<\/div>","protected":false},"excerpt":{"rendered":"<p>[vc_row full_width=&#8221;stretch_row&#8221;][vc_column][\/vc_column][\/vc_row]<\/p>\n","protected":false},"author":1,"featured_media":0,"parent":0,"menu_order":12,"comment_status":"closed","ping_status":"closed","template":"","meta":{"footnotes":""},"class_list":["post-6606","page","type-page","status-publish","hentry"],"yoast_head":"<!-- This site is optimized with the Yoast SEO plugin v27.4 - https:\/\/yoast.com\/product\/yoast-seo-wordpress\/ -->\n<title>Projects Style 1 - Professionelle Geb\u00e4udereinigung Wien | 2gether2shine<\/title>\n<meta name=\"robots\" content=\"index, follow, max-snippet:-1, max-image-preview:large, max-video-preview:-1\" \/>\n<link rel=\"canonical\" href=\"https:\/\/cleaning.2gether2shine.at\/en\/projects-style-1\/\" \/>\n<meta property=\"og:locale\" content=\"en_US\" \/>\n<meta property=\"og:type\" content=\"article\" \/>\n<meta property=\"og:title\" content=\"Projects Style 1 - Professionelle Geb\u00e4udereinigung Wien | 2gether2shine\" \/>\n<meta property=\"og:description\" content=\"[vc_row full_width=&#8221;stretch_row&#8221;][vc_column][\/vc_column][\/vc_row]\" \/>\n<meta property=\"og:url\" content=\"https:\/\/cleaning.2gether2shine.at\/en\/projects-style-1\/\" \/>\n<meta property=\"og:site_name\" content=\"Professionelle Geb\u00e4udereinigung Wien | 2gether2shine\" \/>\n<meta name=\"twitter:card\" content=\"summary_large_image\" \/>\n<script type=\"application\/ld+json\" class=\"yoast-schema-graph\">{\"@context\":\"https:\\\/\\\/schema.org\",\"@graph\":[{\"@type\":\"WebPage\",\"@id\":\"https:\\\/\\\/cleaning.2gether2shine.at\\\/en\\\/projects-style-1\\\/\",\"url\":\"https:\\\/\\\/cleaning.2gether2shine.at\\\/en\\\/projects-style-1\\\/\",\"name\":\"Projects Style 1 - Professionelle Geb\u00e4udereinigung Wien | 2gether2shine\",\"isPartOf\":{\"@id\":\"https:\\\/\\\/cleaning.2gether2shine.at\\\/#website\"},\"datePublished\":\"2018-08-03T06:09:18+00:00\",\"breadcrumb\":{\"@id\":\"https:\\\/\\\/cleaning.2gether2shine.at\\\/en\\\/projects-style-1\\\/#breadcrumb\"},\"inLanguage\":\"en-US\",\"potentialAction\":[{\"@type\":\"ReadAction\",\"target\":[\"https:\\\/\\\/cleaning.2gether2shine.at\\\/en\\\/projects-style-1\\\/\"]}]},{\"@type\":\"BreadcrumbList\",\"@id\":\"https:\\\/\\\/cleaning.2gether2shine.at\\\/en\\\/projects-style-1\\\/#breadcrumb\",\"itemListElement\":[{\"@type\":\"ListItem\",\"position\":1,\"name\":\"Home\",\"item\":\"https:\\\/\\\/cleaning.2gether2shine.at\\\/en\\\/\"},{\"@type\":\"ListItem\",\"position\":2,\"name\":\"Projects Style 1\"}]},{\"@type\":\"WebSite\",\"@id\":\"https:\\\/\\\/cleaning.2gether2shine.at\\\/#website\",\"url\":\"https:\\\/\\\/cleaning.2gether2shine.at\\\/\",\"name\":\"Professionelle Geb\u00e4udereinigung Wien | 2gether2shine\",\"description\":\"Geb\u00e4udereinigung f\u00fcr B\u00fcros, Hotels &amp; Fitnessstudios in Wien und \u00d6sterreich\",\"potentialAction\":[{\"@type\":\"SearchAction\",\"target\":{\"@type\":\"EntryPoint\",\"urlTemplate\":\"https:\\\/\\\/cleaning.2gether2shine.at\\\/?s={search_term_string}\"},\"query-input\":{\"@type\":\"PropertyValueSpecification\",\"valueRequired\":true,\"valueName\":\"search_term_string\"}}],\"inLanguage\":\"en-US\"}]}<\/script>\n<!-- \/ Yoast SEO plugin. -->","yoast_head_json":{"title":"Projects Style 1 - Professionelle Geb\u00e4udereinigung Wien | 2gether2shine","robots":{"index":"index","follow":"follow","max-snippet":"max-snippet:-1","max-image-preview":"max-image-preview:large","max-video-preview":"max-video-preview:-1"},"canonical":"https:\/\/cleaning.2gether2shine.at\/en\/projects-style-1\/","og_locale":"en_US","og_type":"article","og_title":"Projects Style 1 - Professionelle Geb\u00e4udereinigung Wien | 2gether2shine","og_description":"[vc_row full_width=&#8221;stretch_row&#8221;][vc_column][\/vc_column][\/vc_row]","og_url":"https:\/\/cleaning.2gether2shine.at\/en\/projects-style-1\/","og_site_name":"Professionelle Geb\u00e4udereinigung Wien | 2gether2shine","twitter_card":"summary_large_image","schema":{"@context":"https:\/\/schema.org","@graph":[{"@type":"WebPage","@id":"https:\/\/cleaning.2gether2shine.at\/en\/projects-style-1\/","url":"https:\/\/cleaning.2gether2shine.at\/en\/projects-style-1\/","name":"Projects Style 1 - Professionelle Geb\u00e4udereinigung Wien | 2gether2shine","isPartOf":{"@id":"https:\/\/cleaning.2gether2shine.at\/#website"},"datePublished":"2018-08-03T06:09:18+00:00","breadcrumb":{"@id":"https:\/\/cleaning.2gether2shine.at\/en\/projects-style-1\/#breadcrumb"},"inLanguage":"en-US","potentialAction":[{"@type":"ReadAction","target":["https:\/\/cleaning.2gether2shine.at\/en\/projects-style-1\/"]}]},{"@type":"BreadcrumbList","@id":"https:\/\/cleaning.2gether2shine.at\/en\/projects-style-1\/#breadcrumb","itemListElement":[{"@type":"ListItem","position":1,"name":"Home","item":"https:\/\/cleaning.2gether2shine.at\/en\/"},{"@type":"ListItem","position":2,"name":"Projects Style 1"}]},{"@type":"WebSite","@id":"https:\/\/cleaning.2gether2shine.at\/#website","url":"https:\/\/cleaning.2gether2shine.at\/","name":"Professionelle Geb\u00e4udereinigung Wien | 2gether2shine","description":"Geb\u00e4udereinigung f\u00fcr B\u00fcros, Hotels &amp; Fitnessstudios in Wien und \u00d6sterreich","potentialAction":[{"@type":"SearchAction","target":{"@type":"EntryPoint","urlTemplate":"https:\/\/cleaning.2gether2shine.at\/?s={search_term_string}"},"query-input":{"@type":"PropertyValueSpecification","valueRequired":true,"valueName":"search_term_string"}}],"inLanguage":"en-US"}]}},"_links":{"self":[{"href":"https:\/\/cleaning.2gether2shine.at\/en\/wp-json\/wp\/v2\/pages\/6606","targetHints":{"allow":["GET"]}}],"collection":[{"href":"https:\/\/cleaning.2gether2shine.at\/en\/wp-json\/wp\/v2\/pages"}],"about":[{"href":"https:\/\/cleaning.2gether2shine.at\/en\/wp-json\/wp\/v2\/types\/page"}],"author":[{"embeddable":true,"href":"https:\/\/cleaning.2gether2shine.at\/en\/wp-json\/wp\/v2\/users\/1"}],"replies":[{"embeddable":true,"href":"https:\/\/cleaning.2gether2shine.at\/en\/wp-json\/wp\/v2\/comments?post=6606"}],"version-history":[{"count":0,"href":"https:\/\/cleaning.2gether2shine.at\/en\/wp-json\/wp\/v2\/pages\/6606\/revisions"}],"wp:attachment":[{"href":"https:\/\/cleaning.2gether2shine.at\/en\/wp-json\/wp\/v2\/media?parent=6606"}],"curies":[{"name":"wp","href":"https:\/\/api.w.org\/{rel}","templated":true}]}}