{"id":6669,"date":"2018-08-03T08:06:05","date_gmt":"2018-08-03T08:06:05","guid":{"rendered":"https:\/\/cleaninco-demo.pbminfotech.com\/?page_id=6669"},"modified":"2026-04-13T23:24:23","modified_gmt":"2026-04-13T23:24:23","slug":"about-us","status":"publish","type":"page","link":"https:\/\/cleaning.2gether2shine.at\/en\/about-us\/","title":{"rendered":"About Us"},"content":{"rendered":"<div class=\"wpb-content-wrapper\"><p>[vc_row themestek_responsive_css=&#8221;99092402|colbreak_no|||||||||colbreak_no|||||||||colbreak_no||||||||||colbreak_no|||||||||&#8221;][vc_column][vc_row_inner][vc_column_inner width=&#8221;1\/2&#8243;][vc_single_image image=&#8221;10486&#8243; img_size=&#8221;676*450&#8243;][\/vc_column_inner][vc_column_inner width=&#8221;1\/2&#8243;][vc_single_image image=&#8221;10489&#8243; img_size=&#8221;676*450&#8243;][\/vc_column_inner][\/vc_row_inner][vc_row_inner gap=&#8221;0px&#8221; css=&#8221;.vc_custom_1558172008025{margin-top: 20px !important;}&#8221;][vc_column_inner width=&#8221;1\/3&#8243;]<div class=\"themestek-element-heading-wrapper themestek-heading-inner themestek-element-align-left themestek-seperator-none \"><section class=\"themestek-vc_cta3-container\"><div class=\"themestek-vc_general themestek-vc_cta3 themestek-cta3-only themestek-vc_cta3-style-classic themestek-vc_cta3-shape-rounded themestek-vc_cta3-align-left themestek-vc_cta3-color-transparent themestek-vc_cta3-icon-size-md themestek-vc_cta3-actions-no themestek-cta3-without-desc\"><div class=\"themestek-vc_cta3_content-container\"><div class=\"themestek-vc_cta3-content\"><div class=\"themestek-vc_cta3-content-header themestek-wrap\"><div class=\"themestek-vc_cta3-headers themestek-wrap-cell\"><h4 style=\"color:#76BA43;\" class=\"themestek-custom-heading \" >About Us<\/h4>\n<h2 class=\"themestek-custom-heading \" >Welcome to<br \/>\nAustria's Best Cleaning<br \/>\nCompany<\/h2>\n<\/div><\/div><\/div><\/div><\/div><\/section><\/div> <!-- .themestek-element-heading-wrapper container --> [\/vc_column_inner][vc_column_inner width=&#8221;1\/3&#8243; css=&#8221;.vc_custom_1558604859344{margin-top: 10px !important;margin-left: -50px !important;padding-bottom: 0px !important;}&#8221; themestek_responsive_css=&#8221;77007796|colbreak_no|||||||||colbreak_no||||0|||||colbreak_no||||15||||||colbreak_no|||||||||&#8221;]<div class=\"themestek-progress-bar vc_progress_bar wpb_content_element vc_progress-bar-color-skincolor vc_progress-bar-color-skincolor\"><div class=\"themestek-pbar-single-bar-w themestek-pbar-icon-false\"><div class=\"vc_general vc_single_bar\"><small class=\"vc_label\">Gym<\/small> <span class=\"themestek-vc_label_units vc_label_units\">90%<\/span><span class=\"vc_bar \" data-percentage-value=\"90\" data-value=\"90\"><\/span><\/div><\/div><div class=\"themestek-pbar-single-bar-w themestek-pbar-icon-false\"><div class=\"vc_general vc_single_bar\"><small class=\"vc_label\">Apartments<\/small> <span class=\"themestek-vc_label_units vc_label_units\">80%<\/span><span class=\"vc_bar \" data-percentage-value=\"80\" data-value=\"80\"><\/span><\/div><\/div><div class=\"themestek-pbar-single-bar-w themestek-pbar-icon-false\"><div class=\"vc_general vc_single_bar\"><small class=\"vc_label\">Houses<\/small> <span class=\"themestek-vc_label_units vc_label_units\">70%<\/span><span class=\"vc_bar \" data-percentage-value=\"70\" data-value=\"70\"><\/span><\/div><\/div><\/div>[\/vc_column_inner][vc_column_inner width=&#8221;1\/3&#8243; css=&#8221;.vc_custom_1556864523864{margin-top: 25px !important;}&#8221;][vc_column_text css=&#8221;&#8221;]Where quality, trust, and professionalism come first. We provide reliable cleaning services for homes, offices, and commercial spaces across Austria. Our experienced team uses modern equipment and eco-friendly products for outstanding results.<\/p>\n<p>Customer satisfaction is our top priority in every project we handle. We believe in punctuality, transparency, and long-lasting cleanliness. Let us take care of your cleaning while you enjoy a fresh and healthy environment.[\/vc_column_text][\/vc_column_inner][\/vc_row_inner][\/vc_column][\/vc_row][vc_row full_width=&#8221;stretch_row&#8221; css=&#8221;.vc_custom_1558605073022{padding-top: 70px !important;background-color: #ffe52c !important;}&#8221; themestek_responsive_css=&#8221;13198228|colbreak_no|||||||||colbreak_no|||||||||colbreak_no||||||||||colbreak_no|||||||||&#8221;][vc_column css=&#8221;.vc_custom_1556602328715{margin-top: 40px !important;}&#8221;][vc_row_inner][vc_column_inner width=&#8221;1\/2&#8243; offset=&#8221;vc_col-lg-3 vc_col-md-6 vc_col-xs-12&#8243;]<div class=\"themestek-fid inside themestek-fid-boxstyle-without-icon themestek-fidbox-style-4\">\r\n\t<div class=\"themestek-fld-contents\">\r\n\t\t<div class=\"themestek-ihbox-icon themestek-large-icon \">\r\n\t\t\t<div class=\"themestek-sbox-icon-wrapper\"><i class=\"themestek-cleaninco-business-icon themestek-cleaninco-business-icon-cleaning\"><\/i><\/div>\t\t\t\t\t<\/div>\r\n\t\t<div class=\"themestek-fld-contents-wrap\">\r\n\t\t\t<div class=\"themestek-fid-inner\">\t\t\t\r\n\t\t\t\t<span\r\n\t\t\t\t\tdata-appear-animation = \"animateDigits\"\r\n\t\t\t\t\tdata-from             = \"0\"\r\n\t\t\t\t\tdata-to               = \"8570\"\r\n\t\t\t\t\tdata-interval         = \"5\"\r\n\t\t\t\t\t>\r\n\t\t\t\t\t\t8570\t\t\t\t<\/span>\r\n\t\t\t\t\t\t\t<\/div>\r\n\t\t\t<h3 class=\"themestek-fid-title\"><span>Carpets Cleaned<br><\/span><\/h3>\r\n\t\t<\/div>\r\n\t<\/div><!-- .themestek-fld-contents -->\r\n<\/div>\r\n[\/vc_column_inner][vc_column_inner width=&#8221;1\/2&#8243; offset=&#8221;vc_col-lg-3 vc_col-md-6 vc_col-xs-12&#8243; themestek_responsive_css=&#8221;19958907|colbreak_no|||||||||colbreak_no|||||||||colbreak_no|30|||||||||colbreak_no|||||||||&#8221;]<div class=\"themestek-fid inside themestek-fid-boxstyle-without-icon themestek-fidbox-style-4\">\r\n\t<div class=\"themestek-fld-contents\">\r\n\t\t<div class=\"themestek-ihbox-icon themestek-large-icon \">\r\n\t\t\t<div class=\"themestek-sbox-icon-wrapper\"><i class=\"themestek-cleaninco-business-icon themestek-cleaninco-business-icon-cleaner-2\"><\/i><\/div>\t\t\t\t\t<\/div>\r\n\t\t<div class=\"themestek-fld-contents-wrap\">\r\n\t\t\t<div class=\"themestek-fid-inner\">\t\t\t\r\n\t\t\t\t<span\r\n\t\t\t\t\tdata-appear-animation = \"animateDigits\"\r\n\t\t\t\t\tdata-from             = \"0\"\r\n\t\t\t\t\tdata-to               = \"9720\"\r\n\t\t\t\t\tdata-interval         = \"5\"\r\n\t\t\t\t\t>\r\n\t\t\t\t\t\t9720\t\t\t\t<\/span>\r\n\t\t\t\t\t\t\t<\/div>\r\n\t\t\t<h3 class=\"themestek-fid-title\"><span>Successful Projects<br><\/span><\/h3>\r\n\t\t<\/div>\r\n\t<\/div><!-- .themestek-fld-contents -->\r\n<\/div>\r\n[\/vc_column_inner][vc_column_inner width=&#8221;1\/2&#8243; offset=&#8221;vc_col-lg-3 vc_col-md-6 vc_col-xs-12&#8243; themestek_responsive_css=&#8221;30712888|colbreak_no|||||||||colbreak_no|30||||||||colbreak_no||||||||||colbreak_no|||||||||&#8221;]<div class=\"themestek-fid inside themestek-fid-boxstyle-without-icon themestek-fidbox-style-4\">\r\n\t<div class=\"themestek-fld-contents\">\r\n\t\t<div class=\"themestek-ihbox-icon themestek-large-icon \">\r\n\t\t\t<div class=\"themestek-sbox-icon-wrapper\"><i class=\"themestek-cleaninco-business-icon themestek-cleaninco-business-icon-cleaner-4\"><\/i><\/div>\t\t\t\t\t<\/div>\r\n\t\t<div class=\"themestek-fld-contents-wrap\">\r\n\t\t\t<div class=\"themestek-fid-inner\">\t\t\t\r\n\t\t\t\t<span\r\n\t\t\t\t\tdata-appear-animation = \"animateDigits\"\r\n\t\t\t\t\tdata-from             = \"0\"\r\n\t\t\t\t\tdata-to               = \"7560\"\r\n\t\t\t\t\tdata-interval         = \"5\"\r\n\t\t\t\t\t>\r\n\t\t\t\t\t\t7560\t\t\t\t<\/span>\r\n\t\t\t\t\t\t\t<\/div>\r\n\t\t\t<h3 class=\"themestek-fid-title\"><span>Happy Customer<br><\/span><\/h3>\r\n\t\t<\/div>\r\n\t<\/div><!-- .themestek-fld-contents -->\r\n<\/div>\r\n[\/vc_column_inner][vc_column_inner width=&#8221;1\/2&#8243; offset=&#8221;vc_col-lg-3 vc_col-md-6 vc_col-xs-12&#8243; themestek_responsive_css=&#8221;80753592|colbreak_no|||||||||colbreak_no|30||||||||colbreak_no||||||||||colbreak_no|||||||||&#8221;]<div class=\"themestek-fid inside themestek-fid-boxstyle-without-icon themestek-fidbox-style-4\">\r\n\t<div class=\"themestek-fld-contents\">\r\n\t\t<div class=\"themestek-ihbox-icon themestek-large-icon \">\r\n\t\t\t<div class=\"themestek-sbox-icon-wrapper\"><i class=\"themestek-cleaninco-business-icon themestek-cleaninco-business-icon-apron\"><\/i><\/div>\t\t\t\t\t<\/div>\r\n\t\t<div class=\"themestek-fld-contents-wrap\">\r\n\t\t\t<div class=\"themestek-fid-inner\">\t\t\t\r\n\t\t\t\t<span\r\n\t\t\t\t\tdata-appear-animation = \"animateDigits\"\r\n\t\t\t\t\tdata-from             = \"0\"\r\n\t\t\t\t\tdata-to               = \"150\"\r\n\t\t\t\t\tdata-interval         = \"5\"\r\n\t\t\t\t\t>\r\n\t\t\t\t\t\t150\t\t\t\t<\/span>\r\n\t\t\t\t\t\t\t<\/div>\r\n\t\t\t<h3 class=\"themestek-fid-title\"><span>Cleaning Staff<br><\/span><\/h3>\r\n\t\t<\/div>\r\n\t<\/div><!-- .themestek-fld-contents -->\r\n<\/div>\r\n[\/vc_column_inner][\/vc_row_inner][\/vc_column][\/vc_row][vc_row full_width=&#8221;stretch_row&#8221; ts_bgimage_position=&#8221;right_bottom&#8221; css=&#8221;.vc_custom_1557557110785{padding-bottom: 60px !important;}&#8221;][vc_column width=&#8221;1\/2&#8243;]<h3 style=\"text-align:center;font-size:14px;color:#ffffff;\" class=\"themestek-custom-heading themestek-vertical-text \" >7+ Yeras of Experience<\/h3>\n[vc_single_image image=&#8221;10675&#8243; img_size=&#8221;full&#8221; css=&#8221;.vc_custom_1649140367998{margin-top: -10px !important;margin-left: 85px !important;}&#8221;][vc_single_image image=&#8221;10489&#8243; img_size=&#8221;300*270&#8243; css=&#8221;.vc_custom_1560257389628{margin-top: 80px !important;}&#8221; el_class=&#8221;themestek-bg-effect2&#8243;][\/vc_column][vc_column width=&#8221;1\/2&#8243; css=&#8221;.vc_custom_1558589263755{padding-top: 30px !important;}&#8221;]<div class=\"themestek-element-heading-wrapper themestek-heading-inner themestek-element-align-left themestek-seperator-none \"><section class=\"themestek-vc_cta3-container\"><div class=\"themestek-vc_general themestek-vc_cta3 themestek-cta3-only themestek-vc_cta3-style-classic themestek-vc_cta3-shape-rounded themestek-vc_cta3-align-left themestek-vc_cta3-color-transparent themestek-vc_cta3-icon-size-md themestek-vc_cta3-actions-no themestek-cta3-with-desc\"><div class=\"themestek-vc_cta3_content-container\"><div class=\"themestek-vc_cta3-content\"><div class=\"themestek-vc_cta3-content-header themestek-wrap\"><div class=\"themestek-vc_cta3-headers themestek-wrap-cell\"><h4 style=\"color:#76BA43;\" class=\"themestek-custom-heading \" >Why Choose Us<\/h4>\n<h2 class=\"themestek-custom-heading \" >Austria, Best Cleaning<br \/>\nServices Company<\/h2>\n<\/div><\/div><div class=\"themestek-cta3-content-wrapper\"><p>2Gether2Shine delivers reliable, high-quality cleaning solutions tailored for homes, offices, and commercial spaces across Austria.<\/p>\n<p>With trained professionals, modern equipment, and strict quality standards, we ensure spotless results, consistent service, and complete customer satisfaction every time.<\/p><\/div><\/div><\/div><\/div><\/section><\/div> <!-- .themestek-element-heading-wrapper container --> [vc_column_text css=&#8221;&#8221;]<\/p>\n<ul>\n<li>100% satisfaction guarantee<\/li>\n<li>Keep the same cleaner for every visit<\/li>\n<li>All cleaning materials and equipment<\/li>\n<li>Committed to delivering high-quality services<\/li>\n<\/ul>\n<p>[\/vc_column_text][\/vc_column][\/vc_row][vc_row themestek_textcolor=&#8221;white&#8221; full_width=&#8221;stretch_row&#8221; equal_height=&#8221;yes&#8221; css=&#8221;.vc_custom_1770146557340{padding-top: 71px !important;padding-bottom: 50px !important;background-color: #CC0100 !important;background-position: center !important;background-repeat: no-repeat !important;background-size: cover !important;}&#8221;][vc_column]<div class=\"themestek-ihbox themestek-ihbox-style-4 themestek-ihbox-itype-icon \">\r\n\t<div class=\"themestek-sbox-bgimage-layer themestek-bgimage-layer\"><\/div>\r\n\t<div class=\"themestek-ihbox-wrapper-bg-layer themestek-bg-layer\"><\/div>\r\n\t<div class=\"themestek-ihbox-inner\">\r\n\t\t<div class=\"themestek-ihbox-icon\">\r\n\t\t\t<div class=\"themestek-ihbox-icon-wrapper\"><i class=\"themestek-cleaninco-business-icon themestek-cleaninco-business-icon-brush-2\"><\/i><\/div>\t\t<\/div>\r\n\t\t<div class=\"themestek-ihbox-contents\">\r\n\t\t\t<div class=\"themestek-vc_general themestek-vc_cta3 themestek-cta3-only themestek-vc_cta3-style-classic themestek-vc_cta3-shape-rounded themestek-vc_cta3-align-left themestek-vc_cta3-color-transparent themestek-vc_cta3-icon-size-md themestek-vc_cta3-actions-no themestek-cta3-with-desc\"><div class=\"themestek-vc_cta3_content-container\"><div class=\"themestek-vc_cta3-content\"><div class=\"themestek-vc_cta3-content-header themestek-wrap\"><div class=\"themestek-vc_cta3-headers themestek-wrap-cell\"><h2 class=\"themestek-custom-heading \">Get professional &amp; affortable<br \/>\nteam services today.<\/h2>\n<\/div><\/div><div class=\"themestek-cta3-content-wrapper\"> <\/div><\/div><\/div><\/div>\t\t\t\t\t\t\t\t<\/div><!-- .themestek-ihbox-contents -->\r\n\t<\/div>\r\n<\/div>\r\n\r\n\t\t<div class=\"themestek-vc_btn3-container themestek-vc_btn3-center vc_custom_1770208203194\"><a class=\"themestek-vc_general themestek-vc_btn3 themestek-vc_btn3-size-md themestek-vc_btn3-shape-square themestek-vc_btn3-style-flat themestek-vc_btn3-weight-no themestek-vc_btn3-color-inverse\" href=\"https:\/\/cleaning.2gether2shine.at\/request-a-quote\/\" title=\"\">REQUEST A QUOTE<\/a><\/div>[\/vc_column][\/vc_row]<\/p>\n<\/div>","protected":false},"excerpt":{"rendered":"<p>2Gether2shine GmbH \u2014 Ihr professioneller Reinigungspartner in Wien. Gewerbeberechtigt, vollversichert, geschultes Team f\u00fcr Geb\u00e4udereinigung in \u00d6sterreich.<\/p>\n","protected":false},"author":2,"featured_media":10818,"parent":0,"menu_order":4,"comment_status":"closed","ping_status":"closed","template":"","meta":{"footnotes":""},"class_list":["post-6669","page","type-page","status-publish","has-post-thumbnail","hentry"],"yoast_head":"<!-- This site is optimized with the Yoast SEO plugin v27.4 - https:\/\/yoast.com\/product\/yoast-seo-wordpress\/ -->\n<title>\u00dcber uns \u2013 2gether2shine Geb\u00e4udereinigung Wien<\/title>\n<meta name=\"description\" content=\"Lernen Sie 2gether2shine kennen \u2013 Ihr zuverl\u00e4ssiger Partner f\u00fcr professionelle Geb\u00e4udereinigung in Wien. Erfahrenes Team, faire Preise, h\u00f6chste Qualit\u00e4t.\" \/>\n<meta name=\"robots\" content=\"index, follow, max-snippet:-1, max-image-preview:large, max-video-preview:-1\" \/>\n<link rel=\"canonical\" href=\"https:\/\/cleaning.2gether2shine.at\/en\/about-us\/\" \/>\n<meta property=\"og:locale\" content=\"en_US\" \/>\n<meta property=\"og:type\" content=\"article\" \/>\n<meta property=\"og:title\" content=\"\u00dcber uns \u2013 2gether2shine Geb\u00e4udereinigung Wien\" \/>\n<meta property=\"og:description\" content=\"Lernen Sie 2gether2shine kennen \u2013 Ihr zuverl\u00e4ssiger Partner f\u00fcr professionelle Geb\u00e4udereinigung in Wien. Erfahrenes Team, faire Preise, h\u00f6chste Qualit\u00e4t.\" \/>\n<meta property=\"og:url\" content=\"https:\/\/cleaning.2gether2shine.at\/en\/about-us\/\" \/>\n<meta property=\"og:site_name\" content=\"Professionelle Geb\u00e4udereinigung Wien | 2gether2shine\" \/>\n<meta property=\"article:modified_time\" content=\"2026-04-13T23:24:23+00:00\" \/>\n<meta property=\"og:image\" content=\"https:\/\/cleaning.2gether2shine.at\/wp-content\/uploads\/2026\/02\/cropped-Screenshot-2026-02-03-at-6.12.37-PM.png\" \/>\n\t<meta property=\"og:image:width\" content=\"512\" \/>\n\t<meta property=\"og:image:height\" content=\"512\" \/>\n\t<meta property=\"og:image:type\" content=\"image\/png\" \/>\n<meta name=\"twitter:card\" content=\"summary_large_image\" \/>\n<meta name=\"twitter:label1\" content=\"Est. reading time\" \/>\n\t<meta name=\"twitter:data1\" content=\"2 minutes\" \/>\n<script type=\"application\/ld+json\" class=\"yoast-schema-graph\">{\"@context\":\"https:\\\/\\\/schema.org\",\"@graph\":[{\"@type\":\"WebPage\",\"@id\":\"https:\\\/\\\/cleaning.2gether2shine.at\\\/en\\\/about-us\\\/\",\"url\":\"https:\\\/\\\/cleaning.2gether2shine.at\\\/en\\\/about-us\\\/\",\"name\":\"\u00dcber uns \u2013 2gether2shine Geb\u00e4udereinigung Wien\",\"isPartOf\":{\"@id\":\"https:\\\/\\\/cleaning.2gether2shine.at\\\/#website\"},\"primaryImageOfPage\":{\"@id\":\"https:\\\/\\\/cleaning.2gether2shine.at\\\/en\\\/about-us\\\/#primaryimage\"},\"image\":{\"@id\":\"https:\\\/\\\/cleaning.2gether2shine.at\\\/en\\\/about-us\\\/#primaryimage\"},\"thumbnailUrl\":\"https:\\\/\\\/cleaning.2gether2shine.at\\\/wp-content\\\/uploads\\\/2026\\\/02\\\/cropped-Screenshot-2026-02-03-at-6.12.37-PM.png\",\"datePublished\":\"2018-08-03T08:06:05+00:00\",\"dateModified\":\"2026-04-13T23:24:23+00:00\",\"description\":\"Lernen Sie 2gether2shine kennen \u2013 Ihr zuverl\u00e4ssiger Partner f\u00fcr professionelle Geb\u00e4udereinigung in Wien. Erfahrenes Team, faire Preise, h\u00f6chste Qualit\u00e4t.\",\"breadcrumb\":{\"@id\":\"https:\\\/\\\/cleaning.2gether2shine.at\\\/en\\\/about-us\\\/#breadcrumb\"},\"inLanguage\":\"en-US\",\"potentialAction\":[{\"@type\":\"ReadAction\",\"target\":[\"https:\\\/\\\/cleaning.2gether2shine.at\\\/en\\\/about-us\\\/\"]}]},{\"@type\":\"ImageObject\",\"inLanguage\":\"en-US\",\"@id\":\"https:\\\/\\\/cleaning.2gether2shine.at\\\/en\\\/about-us\\\/#primaryimage\",\"url\":\"https:\\\/\\\/cleaning.2gether2shine.at\\\/wp-content\\\/uploads\\\/2026\\\/02\\\/cropped-Screenshot-2026-02-03-at-6.12.37-PM.png\",\"contentUrl\":\"https:\\\/\\\/cleaning.2gether2shine.at\\\/wp-content\\\/uploads\\\/2026\\\/02\\\/cropped-Screenshot-2026-02-03-at-6.12.37-PM.png\",\"width\":512,\"height\":512},{\"@type\":\"BreadcrumbList\",\"@id\":\"https:\\\/\\\/cleaning.2gether2shine.at\\\/en\\\/about-us\\\/#breadcrumb\",\"itemListElement\":[{\"@type\":\"ListItem\",\"position\":1,\"name\":\"Home\",\"item\":\"https:\\\/\\\/cleaning.2gether2shine.at\\\/en\\\/\"},{\"@type\":\"ListItem\",\"position\":2,\"name\":\"About Us\"}]},{\"@type\":\"WebSite\",\"@id\":\"https:\\\/\\\/cleaning.2gether2shine.at\\\/#website\",\"url\":\"https:\\\/\\\/cleaning.2gether2shine.at\\\/\",\"name\":\"Professionelle Geb\u00e4udereinigung Wien | 2gether2shine\",\"description\":\"Geb\u00e4udereinigung f\u00fcr B\u00fcros, Hotels &amp; Fitnessstudios in Wien und \u00d6sterreich\",\"potentialAction\":[{\"@type\":\"SearchAction\",\"target\":{\"@type\":\"EntryPoint\",\"urlTemplate\":\"https:\\\/\\\/cleaning.2gether2shine.at\\\/?s={search_term_string}\"},\"query-input\":{\"@type\":\"PropertyValueSpecification\",\"valueRequired\":true,\"valueName\":\"search_term_string\"}}],\"inLanguage\":\"en-US\"}]}<\/script>\n<!-- \/ Yoast SEO plugin. -->","yoast_head_json":{"title":"\u00dcber uns \u2013 2gether2shine Geb\u00e4udereinigung Wien","description":"Lernen Sie 2gether2shine kennen \u2013 Ihr zuverl\u00e4ssiger Partner f\u00fcr professionelle Geb\u00e4udereinigung in Wien. Erfahrenes Team, faire Preise, h\u00f6chste Qualit\u00e4t.","robots":{"index":"index","follow":"follow","max-snippet":"max-snippet:-1","max-image-preview":"max-image-preview:large","max-video-preview":"max-video-preview:-1"},"canonical":"https:\/\/cleaning.2gether2shine.at\/en\/about-us\/","og_locale":"en_US","og_type":"article","og_title":"\u00dcber uns \u2013 2gether2shine Geb\u00e4udereinigung Wien","og_description":"Lernen Sie 2gether2shine kennen \u2013 Ihr zuverl\u00e4ssiger Partner f\u00fcr professionelle Geb\u00e4udereinigung in Wien. Erfahrenes Team, faire Preise, h\u00f6chste Qualit\u00e4t.","og_url":"https:\/\/cleaning.2gether2shine.at\/en\/about-us\/","og_site_name":"Professionelle Geb\u00e4udereinigung Wien | 2gether2shine","article_modified_time":"2026-04-13T23:24:23+00:00","og_image":[{"width":512,"height":512,"url":"https:\/\/cleaning.2gether2shine.at\/wp-content\/uploads\/2026\/02\/cropped-Screenshot-2026-02-03-at-6.12.37-PM.png","type":"image\/png"}],"twitter_card":"summary_large_image","twitter_misc":{"Est. reading time":"2 minutes"},"schema":{"@context":"https:\/\/schema.org","@graph":[{"@type":"WebPage","@id":"https:\/\/cleaning.2gether2shine.at\/en\/about-us\/","url":"https:\/\/cleaning.2gether2shine.at\/en\/about-us\/","name":"\u00dcber uns \u2013 2gether2shine Geb\u00e4udereinigung Wien","isPartOf":{"@id":"https:\/\/cleaning.2gether2shine.at\/#website"},"primaryImageOfPage":{"@id":"https:\/\/cleaning.2gether2shine.at\/en\/about-us\/#primaryimage"},"image":{"@id":"https:\/\/cleaning.2gether2shine.at\/en\/about-us\/#primaryimage"},"thumbnailUrl":"https:\/\/cleaning.2gether2shine.at\/wp-content\/uploads\/2026\/02\/cropped-Screenshot-2026-02-03-at-6.12.37-PM.png","datePublished":"2018-08-03T08:06:05+00:00","dateModified":"2026-04-13T23:24:23+00:00","description":"Lernen Sie 2gether2shine kennen \u2013 Ihr zuverl\u00e4ssiger Partner f\u00fcr professionelle Geb\u00e4udereinigung in Wien. Erfahrenes Team, faire Preise, h\u00f6chste Qualit\u00e4t.","breadcrumb":{"@id":"https:\/\/cleaning.2gether2shine.at\/en\/about-us\/#breadcrumb"},"inLanguage":"en-US","potentialAction":[{"@type":"ReadAction","target":["https:\/\/cleaning.2gether2shine.at\/en\/about-us\/"]}]},{"@type":"ImageObject","inLanguage":"en-US","@id":"https:\/\/cleaning.2gether2shine.at\/en\/about-us\/#primaryimage","url":"https:\/\/cleaning.2gether2shine.at\/wp-content\/uploads\/2026\/02\/cropped-Screenshot-2026-02-03-at-6.12.37-PM.png","contentUrl":"https:\/\/cleaning.2gether2shine.at\/wp-content\/uploads\/2026\/02\/cropped-Screenshot-2026-02-03-at-6.12.37-PM.png","width":512,"height":512},{"@type":"BreadcrumbList","@id":"https:\/\/cleaning.2gether2shine.at\/en\/about-us\/#breadcrumb","itemListElement":[{"@type":"ListItem","position":1,"name":"Home","item":"https:\/\/cleaning.2gether2shine.at\/en\/"},{"@type":"ListItem","position":2,"name":"About Us"}]},{"@type":"WebSite","@id":"https:\/\/cleaning.2gether2shine.at\/#website","url":"https:\/\/cleaning.2gether2shine.at\/","name":"Professionelle Geb\u00e4udereinigung Wien | 2gether2shine","description":"Geb\u00e4udereinigung f\u00fcr B\u00fcros, Hotels &amp; Fitnessstudios in Wien und \u00d6sterreich","potentialAction":[{"@type":"SearchAction","target":{"@type":"EntryPoint","urlTemplate":"https:\/\/cleaning.2gether2shine.at\/?s={search_term_string}"},"query-input":{"@type":"PropertyValueSpecification","valueRequired":true,"valueName":"search_term_string"}}],"inLanguage":"en-US"}]}},"_links":{"self":[{"href":"https:\/\/cleaning.2gether2shine.at\/en\/wp-json\/wp\/v2\/pages\/6669","targetHints":{"allow":["GET"]}}],"collection":[{"href":"https:\/\/cleaning.2gether2shine.at\/en\/wp-json\/wp\/v2\/pages"}],"about":[{"href":"https:\/\/cleaning.2gether2shine.at\/en\/wp-json\/wp\/v2\/types\/page"}],"author":[{"embeddable":true,"href":"https:\/\/cleaning.2gether2shine.at\/en\/wp-json\/wp\/v2\/users\/2"}],"replies":[{"embeddable":true,"href":"https:\/\/cleaning.2gether2shine.at\/en\/wp-json\/wp\/v2\/comments?post=6669"}],"version-history":[{"count":13,"href":"https:\/\/cleaning.2gether2shine.at\/en\/wp-json\/wp\/v2\/pages\/6669\/revisions"}],"predecessor-version":[{"id":11009,"href":"https:\/\/cleaning.2gether2shine.at\/en\/wp-json\/wp\/v2\/pages\/6669\/revisions\/11009"}],"wp:featuredmedia":[{"embeddable":true,"href":"https:\/\/cleaning.2gether2shine.at\/en\/wp-json\/wp\/v2\/media\/10818"}],"wp:attachment":[{"href":"https:\/\/cleaning.2gether2shine.at\/en\/wp-json\/wp\/v2\/media?parent=6669"}],"curies":[{"name":"wp","href":"https:\/\/api.w.org\/{rel}","templated":true}]}}