{"id":6698,"date":"2018-08-03T08:44:05","date_gmt":"2018-08-03T08:44:05","guid":{"rendered":"https:\/\/cleaninco-demo.pbminfotech.com\/?page_id=6698"},"modified":"2026-04-13T23:24:21","modified_gmt":"2026-04-13T23:24:21","slug":"services","status":"publish","type":"page","link":"https:\/\/cleaning.2gether2shine.at\/en\/services\/","title":{"rendered":"Services"},"content":{"rendered":"<div class=\"wpb-content-wrapper\"><p>[vc_row][vc_column]<div class=\"themestek-boxes themestek-boxes-service themestek-boxes-view-default themestek-boxes-col-three themestek-boxes-sortable-no themestek-boxes-textalign-center themestek-boxes-sortablebutton-\">\r\n\t\t<div class=\"themestek-boxes-inner themestek-boxes-service-inner \">\r\n\t\t\t\r\n\t\t\t<div class=\"row multi-columns-row themestek-boxes-row-wrapper\">\r\n\t\t\t\t<div class=\"themestek-box-col-wrapper col-lg-4 col-sm-6 col-md-4 col-xs-12 \"><article class=\"themestek-box themestek-box-service themestek-servicebox-style-4\">\r\n\t<div class=\"themestek-post-item\">\r\n\t\t\r\n\t\t<span class=\"themestek-item-thumbnail\">\r\n\t\t\t<span class=\"themestek-item-thumbnail-inner\">\r\n\t\t\t\t<img loading=\"lazy\" decoding=\"async\" width=\"800\" height=\"650\" src=\"https:\/\/cleaning.2gether2shine.at\/wp-content\/uploads\/2019\/03\/img-03-800x650.jpg\" class=\"attachment-themestek-img-800x650 size-themestek-img-800x650 wp-post-image\" alt=\"\" data-id=\"10488\" \/>\r\n\t\t\t<\/span>\r\n\t\t<\/span>\t\t<div class=\"ts-ihbox-icon\">\r\n\t\t\t<i class=\"themestek-cleaninco-business-icon themestek-cleaninco-business-icon-brush\"><\/i>\t\t<\/div>\r\n\t\t<div class=\"themestek-box-content\">\r\n            <div class=\"themestek-box-content-inner\">\r\n\t\t\t\t<div class=\"themestek-pf-box-title\">\r\n\t\t\t\t\t<h3><a href=\"https:\/\/cleaning.2gether2shine.at\/en\/service\/gym-cleaning\/\">Gym Cleaning<\/a><\/h3>\r\n\t\t\t\t\t\t\t\t\t\t<div class=\"themestek-service-content\"><p>Specialized cleaning to maintain hygiene, safety, and freshness in fitness facilities.<\/p>\n<\/div>\r\n\t\t\t\t\t\t\t\t\t\t<div class=\"themestek-box-link\"><a href=\"https:\/\/cleaning.2gether2shine.at\/en\/service\/gym-cleaning\/\">READ MORE<\/a><\/div>\r\n\t\t\t\t<\/div> \r\n\t\t\t<\/div>\t\t\r\n\t\t<\/div>\r\n\t<\/div>\r\n<\/article><\/div><div class=\"themestek-box-col-wrapper col-lg-4 col-sm-6 col-md-4 col-xs-12 \"><article class=\"themestek-box themestek-box-service themestek-servicebox-style-4\">\r\n\t<div class=\"themestek-post-item\">\r\n\t\t\r\n\t\t<span class=\"themestek-item-thumbnail\">\r\n\t\t\t<span class=\"themestek-item-thumbnail-inner\">\r\n\t\t\t\t<img loading=\"lazy\" decoding=\"async\" width=\"800\" height=\"650\" src=\"https:\/\/cleaning.2gether2shine.at\/wp-content\/uploads\/2019\/06\/img-04-800x650.jpg\" class=\"attachment-themestek-img-800x650 size-themestek-img-800x650 wp-post-image\" alt=\"\" data-id=\"10498\" \/>\r\n\t\t\t<\/span>\r\n\t\t<\/span>\t\t<div class=\"ts-ihbox-icon\">\r\n\t\t\t<i class=\"themestek-cleaninco-business-icon themestek-cleaninco-business-icon-brush\"><\/i>\t\t<\/div>\r\n\t\t<div class=\"themestek-box-content\">\r\n            <div class=\"themestek-box-content-inner\">\r\n\t\t\t\t<div class=\"themestek-pf-box-title\">\r\n\t\t\t\t\t<h3><a href=\"https:\/\/cleaning.2gether2shine.at\/en\/service\/facade-cleaning\/\">Facade Cleaning<\/a><\/h3>\r\n\t\t\t\t\t\t\t\t\t\t<div class=\"themestek-service-content\"><p>Professional exterior cleaning to enhance building appearance and value.<\/p>\n<\/div>\r\n\t\t\t\t\t\t\t\t\t\t<div class=\"themestek-box-link\"><a href=\"https:\/\/cleaning.2gether2shine.at\/en\/service\/facade-cleaning\/\">READ MORE<\/a><\/div>\r\n\t\t\t\t<\/div> \r\n\t\t\t<\/div>\t\t\r\n\t\t<\/div>\r\n\t<\/div>\r\n<\/article><\/div><div class=\"themestek-box-col-wrapper col-lg-4 col-sm-6 col-md-4 col-xs-12 \"><article class=\"themestek-box themestek-box-service themestek-servicebox-style-4\">\r\n\t<div class=\"themestek-post-item\">\r\n\t\t\r\n\t\t<span class=\"themestek-item-thumbnail\">\r\n\t\t\t<span class=\"themestek-item-thumbnail-inner\">\r\n\t\t\t\t<img loading=\"lazy\" decoding=\"async\" width=\"800\" height=\"650\" src=\"https:\/\/cleaning.2gether2shine.at\/wp-content\/uploads\/2019\/03\/img-02-800x650.jpg\" class=\"attachment-themestek-img-800x650 size-themestek-img-800x650 wp-post-image\" alt=\"\" data-id=\"10489\" \/>\r\n\t\t\t<\/span>\r\n\t\t<\/span>\t\t<div class=\"ts-ihbox-icon\">\r\n\t\t\t<i class=\"themestek-cleaninco-business-icon themestek-cleaninco-business-icon-brush\"><\/i>\t\t<\/div>\r\n\t\t<div class=\"themestek-box-content\">\r\n            <div class=\"themestek-box-content-inner\">\r\n\t\t\t\t<div class=\"themestek-pf-box-title\">\r\n\t\t\t\t\t<h3><a href=\"https:\/\/cleaning.2gether2shine.at\/en\/service\/basic-cleaning\/\">Basic Cleaning<\/a><\/h3>\r\n\t\t\t\t\t\t\t\t\t\t<div class=\"themestek-service-content\"><p>Regular and essential cleaning to keep your space fresh, tidy, and hygienic.<\/p>\n<\/div>\r\n\t\t\t\t\t\t\t\t\t\t<div class=\"themestek-box-link\"><a href=\"https:\/\/cleaning.2gether2shine.at\/en\/service\/basic-cleaning\/\">READ MORE<\/a><\/div>\r\n\t\t\t\t<\/div> \r\n\t\t\t<\/div>\t\t\r\n\t\t<\/div>\r\n\t<\/div>\r\n<\/article><\/div><div class=\"themestek-box-col-wrapper col-lg-4 col-sm-6 col-md-4 col-xs-12 \"><article class=\"themestek-box themestek-box-service themestek-servicebox-style-4\">\r\n\t<div class=\"themestek-post-item\">\r\n\t\t\r\n\t\t<span class=\"themestek-item-thumbnail\">\r\n\t\t\t<span class=\"themestek-item-thumbnail-inner\">\r\n\t\t\t\t<img loading=\"lazy\" decoding=\"async\" width=\"800\" height=\"650\" src=\"https:\/\/cleaning.2gether2shine.at\/wp-content\/uploads\/2019\/03\/img-03-800x650.jpg\" class=\"attachment-themestek-img-800x650 size-themestek-img-800x650 wp-post-image\" alt=\"\" data-id=\"10488\" \/>\r\n\t\t\t<\/span>\r\n\t\t<\/span>\t\t<div class=\"ts-ihbox-icon\">\r\n\t\t\t<i class=\"themestek-cleaninco-business-icon themestek-cleaninco-business-icon-cleaning\"><\/i>\t\t<\/div>\r\n\t\t<div class=\"themestek-box-content\">\r\n            <div class=\"themestek-box-content-inner\">\r\n\t\t\t\t<div class=\"themestek-pf-box-title\">\r\n\t\t\t\t\t<h3><a href=\"https:\/\/cleaning.2gether2shine.at\/en\/service\/floor-cleaning\/\">Floor Cleaning<\/a><\/h3>\r\n\t\t\t\t\t\t\t\t\t\t<div class=\"themestek-service-content\"><p>Deep and regular floor cleaning to restore shine and remove stubborn dirt.<\/p>\n<\/div>\r\n\t\t\t\t\t\t\t\t\t\t<div class=\"themestek-box-link\"><a href=\"https:\/\/cleaning.2gether2shine.at\/en\/service\/floor-cleaning\/\">READ MORE<\/a><\/div>\r\n\t\t\t\t<\/div> \r\n\t\t\t<\/div>\t\t\r\n\t\t<\/div>\r\n\t<\/div>\r\n<\/article><\/div><div class=\"themestek-box-col-wrapper col-lg-4 col-sm-6 col-md-4 col-xs-12 \"><article class=\"themestek-box themestek-box-service themestek-servicebox-style-4\">\r\n\t<div class=\"themestek-post-item\">\r\n\t\t\r\n\t\t<span class=\"themestek-item-thumbnail\">\r\n\t\t\t<span class=\"themestek-item-thumbnail-inner\">\r\n\t\t\t\t<img loading=\"lazy\" decoding=\"async\" width=\"800\" height=\"650\" src=\"https:\/\/cleaning.2gether2shine.at\/wp-content\/uploads\/2019\/06\/img-01-800x650.jpg\" class=\"attachment-themestek-img-800x650 size-themestek-img-800x650 wp-post-image\" alt=\"\" data-id=\"10486\" \/>\r\n\t\t\t<\/span>\r\n\t\t<\/span>\t\t<div class=\"ts-ihbox-icon\">\r\n\t\t\t<i class=\"themestek-cleaninco-business-icon themestek-cleaninco-business-icon-clean-1\"><\/i>\t\t<\/div>\r\n\t\t<div class=\"themestek-box-content\">\r\n            <div class=\"themestek-box-content-inner\">\r\n\t\t\t\t<div class=\"themestek-pf-box-title\">\r\n\t\t\t\t\t<h3><a href=\"https:\/\/cleaning.2gether2shine.at\/en\/service\/medical-practice-cleaning\/\">Medical Practice Cleaning<\/a><\/h3>\r\n\t\t\t\t\t\t\t\t\t\t<div class=\"themestek-service-content\"><p>Hygienic and disinfected cleaning tailored for clinics and medical facilities.<\/p>\n<\/div>\r\n\t\t\t\t\t\t\t\t\t\t<div class=\"themestek-box-link\"><a href=\"https:\/\/cleaning.2gether2shine.at\/en\/service\/medical-practice-cleaning\/\">READ MORE<\/a><\/div>\r\n\t\t\t\t<\/div> \r\n\t\t\t<\/div>\t\t\r\n\t\t<\/div>\r\n\t<\/div>\r\n<\/article><\/div><div class=\"themestek-box-col-wrapper col-lg-4 col-sm-6 col-md-4 col-xs-12 \"><article class=\"themestek-box themestek-box-service themestek-servicebox-style-4\">\r\n\t<div class=\"themestek-post-item\">\r\n\t\t\r\n\t\t<span class=\"themestek-item-thumbnail\">\r\n\t\t\t<span class=\"themestek-item-thumbnail-inner\">\r\n\t\t\t\t<img loading=\"lazy\" decoding=\"async\" width=\"800\" height=\"650\" src=\"https:\/\/cleaning.2gether2shine.at\/wp-content\/uploads\/2019\/03\/img-03-800x650.jpg\" class=\"attachment-themestek-img-800x650 size-themestek-img-800x650 wp-post-image\" alt=\"\" data-id=\"10488\" \/>\r\n\t\t\t<\/span>\r\n\t\t<\/span>\t\t<div class=\"ts-ihbox-icon\">\r\n\t\t\t<i class=\"themestek-cleaninco-business-icon themestek-cleaninco-business-icon-cleaner\"><\/i>\t\t<\/div>\r\n\t\t<div class=\"themestek-box-content\">\r\n            <div class=\"themestek-box-content-inner\">\r\n\t\t\t\t<div class=\"themestek-pf-box-title\">\r\n\t\t\t\t\t<h3><a href=\"https:\/\/cleaning.2gether2shine.at\/en\/service\/windo-cleaning\/\">Windo Cleaning<\/a><\/h3>\r\n\t\t\t\t\t\t\t\t\t\t<div class=\"themestek-service-content\"><p>Streak-free window cleaning for clear views and a polished appearance.<\/p>\n<\/div>\r\n\t\t\t\t\t\t\t\t\t\t<div class=\"themestek-box-link\"><a href=\"https:\/\/cleaning.2gether2shine.at\/en\/service\/windo-cleaning\/\">READ MORE<\/a><\/div>\r\n\t\t\t\t<\/div> \r\n\t\t\t<\/div>\t\t\r\n\t\t<\/div>\r\n\t<\/div>\r\n<\/article><\/div><div class=\"themestek-box-col-wrapper col-lg-4 col-sm-6 col-md-4 col-xs-12 \"><article class=\"themestek-box themestek-box-service themestek-servicebox-style-4\">\r\n\t<div class=\"themestek-post-item\">\r\n\t\t\r\n\t\t<span class=\"themestek-item-thumbnail\">\r\n\t\t\t<span class=\"themestek-item-thumbnail-inner\">\r\n\t\t\t\t<img loading=\"lazy\" decoding=\"async\" width=\"800\" height=\"650\" src=\"https:\/\/cleaning.2gether2shine.at\/wp-content\/uploads\/2019\/03\/img-03-800x650.jpg\" class=\"attachment-themestek-img-800x650 size-themestek-img-800x650 wp-post-image\" alt=\"\" data-id=\"10488\" \/>\r\n\t\t\t<\/span>\r\n\t\t<\/span>\t\t<div class=\"ts-ihbox-icon\">\r\n\t\t\t<i class=\"themestek-cleaninco-business-icon themestek-cleaninco-business-icon-liquid\"><\/i>\t\t<\/div>\r\n\t\t<div class=\"themestek-box-content\">\r\n            <div class=\"themestek-box-content-inner\">\r\n\t\t\t\t<div class=\"themestek-pf-box-title\">\r\n\t\t\t\t\t<h3><a href=\"https:\/\/cleaning.2gether2shine.at\/en\/service\/parking-lot-cleaning\/\">Parking Lot Cleaning<\/a><\/h3>\r\n\t\t\t\t\t\t\t\t\t\t<div class=\"themestek-service-content\"><p>Thorough cleaning to keep parking areas clean, safe, and well-maintained.<\/p>\n<\/div>\r\n\t\t\t\t\t\t\t\t\t\t<div class=\"themestek-box-link\"><a href=\"https:\/\/cleaning.2gether2shine.at\/en\/service\/parking-lot-cleaning\/\">READ MORE<\/a><\/div>\r\n\t\t\t\t<\/div> \r\n\t\t\t<\/div>\t\t\r\n\t\t<\/div>\r\n\t<\/div>\r\n<\/article><\/div><div class=\"themestek-box-col-wrapper col-lg-4 col-sm-6 col-md-4 col-xs-12 \"><article class=\"themestek-box themestek-box-service themestek-servicebox-style-4\">\r\n\t<div class=\"themestek-post-item\">\r\n\t\t\r\n\t\t<span class=\"themestek-item-thumbnail\">\r\n\t\t\t<span class=\"themestek-item-thumbnail-inner\">\r\n\t\t\t\t<img loading=\"lazy\" decoding=\"async\" width=\"800\" height=\"650\" src=\"https:\/\/cleaning.2gether2shine.at\/wp-content\/uploads\/2019\/06\/img-01-800x650.jpg\" class=\"attachment-themestek-img-800x650 size-themestek-img-800x650 wp-post-image\" alt=\"\" data-id=\"10486\" \/>\r\n\t\t\t<\/span>\r\n\t\t<\/span>\t\t<div class=\"ts-ihbox-icon\">\r\n\t\t\t<i class=\"themestek-cleaninco-business-icon themestek-cleaninco-business-icon-brush-2\"><\/i>\t\t<\/div>\r\n\t\t<div class=\"themestek-box-content\">\r\n            <div class=\"themestek-box-content-inner\">\r\n\t\t\t\t<div class=\"themestek-pf-box-title\">\r\n\t\t\t\t\t<h3><a href=\"https:\/\/cleaning.2gether2shine.at\/en\/service\/carpet-cleaning\/\">Carpet Cleaning<\/a><\/h3>\r\n\t\t\t\t\t\t\t\t\t\t<div class=\"themestek-service-content\"><p>Deep carpet cleaning to remove stains, dust, and allergens effectively.<\/p>\n<\/div>\r\n\t\t\t\t\t\t\t\t\t\t<div class=\"themestek-box-link\"><a href=\"https:\/\/cleaning.2gether2shine.at\/en\/service\/carpet-cleaning\/\">READ MORE<\/a><\/div>\r\n\t\t\t\t<\/div> \r\n\t\t\t<\/div>\t\t\r\n\t\t<\/div>\r\n\t<\/div>\r\n<\/article><\/div><div class=\"themestek-box-col-wrapper col-lg-4 col-sm-6 col-md-4 col-xs-12 \"><article class=\"themestek-box themestek-box-service themestek-servicebox-style-4\">\r\n\t<div class=\"themestek-post-item\">\r\n\t\t\r\n\t\t<span class=\"themestek-item-thumbnail\">\r\n\t\t\t<span class=\"themestek-item-thumbnail-inner\">\r\n\t\t\t\t<img loading=\"lazy\" decoding=\"async\" width=\"800\" height=\"650\" src=\"https:\/\/cleaning.2gether2shine.at\/wp-content\/uploads\/2019\/03\/img-02-800x650.jpg\" class=\"attachment-themestek-img-800x650 size-themestek-img-800x650 wp-post-image\" alt=\"\" data-id=\"10489\" \/>\r\n\t\t\t<\/span>\r\n\t\t<\/span>\t\t<div class=\"ts-ihbox-icon\">\r\n\t\t\t<i class=\"themestek-cleaninco-business-icon themestek-cleaninco-business-icon-spray\"><\/i>\t\t<\/div>\r\n\t\t<div class=\"themestek-box-content\">\r\n            <div class=\"themestek-box-content-inner\">\r\n\t\t\t\t<div class=\"themestek-pf-box-title\">\r\n\t\t\t\t\t<h3><a href=\"https:\/\/cleaning.2gether2shine.at\/en\/service\/apartment-cleaning\/\">Apartment Cleaning<\/a><\/h3>\r\n\t\t\t\t\t\t\t\t\t\t<div class=\"themestek-service-content\"><p>Comprehensive apartment cleaning for a clean, comfortable living space.<\/p>\n<\/div>\r\n\t\t\t\t\t\t\t\t\t\t<div class=\"themestek-box-link\"><a href=\"https:\/\/cleaning.2gether2shine.at\/en\/service\/apartment-cleaning\/\">READ MORE<\/a><\/div>\r\n\t\t\t\t<\/div> \r\n\t\t\t<\/div>\t\t\r\n\t\t<\/div>\r\n\t<\/div>\r\n<\/article><\/div><div class=\"themestek-box-col-wrapper col-lg-4 col-sm-6 col-md-4 col-xs-12 \"><article class=\"themestek-box themestek-box-service themestek-servicebox-style-4\">\r\n\t<div class=\"themestek-post-item\">\r\n\t\t\r\n\t\t<span class=\"themestek-item-thumbnail\">\r\n\t\t\t<span class=\"themestek-item-thumbnail-inner\">\r\n\t\t\t\t<img loading=\"lazy\" decoding=\"async\" width=\"800\" height=\"650\" src=\"https:\/\/cleaning.2gether2shine.at\/wp-content\/uploads\/2019\/03\/img-03-800x650.jpg\" class=\"attachment-themestek-img-800x650 size-themestek-img-800x650 wp-post-image\" alt=\"\" data-id=\"10488\" \/>\r\n\t\t\t<\/span>\r\n\t\t<\/span>\t\t<div class=\"ts-ihbox-icon\">\r\n\t\t\t<i class=\"themestek-cleaninco-business-icon themestek-cleaninco-business-icon-clean-2\"><\/i>\t\t<\/div>\r\n\t\t<div class=\"themestek-box-content\">\r\n            <div class=\"themestek-box-content-inner\">\r\n\t\t\t\t<div class=\"themestek-pf-box-title\">\r\n\t\t\t\t\t<h3><a href=\"https:\/\/cleaning.2gether2shine.at\/en\/service\/special-cleaning\/\">Special Cleaning<\/a><\/h3>\r\n\t\t\t\t\t\t\t\t\t\t<div class=\"themestek-service-content\"><p>Customized cleaning solutions for specific needs and challenging tasks.<\/p>\n<\/div>\r\n\t\t\t\t\t\t\t\t\t\t<div class=\"themestek-box-link\"><a href=\"https:\/\/cleaning.2gether2shine.at\/en\/service\/special-cleaning\/\">READ MORE<\/a><\/div>\r\n\t\t\t\t<\/div> \r\n\t\t\t<\/div>\t\t\r\n\t\t<\/div>\r\n\t<\/div>\r\n<\/article><\/div>\r\n\t\t\t<\/div>\r\n\t\t<\/div><!-- .themestek-boxes-inner -->   <\/div><!-- .themestek-boxes -->  [\/vc_column][\/vc_row][vc_row][vc_column][vc_column_text]<\/p>\n<div style=\"text-align:center;padding:40px 20px;background-color:#f8f9fa;border-radius:8px;margin:20px auto;max-width:800px;\">\n<h3 style=\"color:#c0392b;margin-bottom:15px;font-size:24px;\">Preis auf Anfrage<\/h3>\n<p style=\"font-size:16px;color:#555;margin-bottom:20px;\">Jeder Auftrag ist individuell. Kontaktieren Sie uns f\u00fcr ein ma\u00dfgeschneidertes Angebot!<\/p>\n<p><a href=\"\/contacts\/\" style=\"display:inline-block;padding:12px 30px;background-color:#c0392b;color:#fff;text-decoration:none;border-radius:5px;font-weight:bold;\">Jetzt Angebot anfordern<\/a><\/p>\n<\/div>\n<p>[\/vc_column_text][\/vc_column][\/vc_row]<\/p>\n<\/div>","protected":false},"excerpt":{"rendered":"<p>Professionelle Reinigungsdienstleistungen in Wien. B\u00fcroreinigung, Hotelreinigung, Fitnessstudio-Reinigung, Grundreinigung und mehr. 2Gether2shine GmbH.<\/p>\n","protected":false},"author":2,"featured_media":10802,"parent":0,"menu_order":15,"comment_status":"closed","ping_status":"closed","template":"","meta":{"footnotes":""},"class_list":["post-6698","page","type-page","status-publish","has-post-thumbnail","hentry"],"yoast_head":"<!-- This site is optimized with the Yoast SEO plugin v27.4 - https:\/\/yoast.com\/product\/yoast-seo-wordpress\/ -->\n<title>Reinigungsservices Wien \u2013 B\u00fcro, Hotel &amp; Fitness | 2gether2shine<\/title>\n<meta name=\"description\" content=\"Unsere Reinigungsdienstleistungen: B\u00fcroreinigung, Hotelreinigung, Fitnessreinigung, Fensterreinigung &amp; mehr. Professionell &amp; zuverl\u00e4ssig in Wien.\" \/>\n<meta name=\"robots\" content=\"index, follow, max-snippet:-1, max-image-preview:large, max-video-preview:-1\" \/>\n<link rel=\"canonical\" href=\"https:\/\/cleaning.2gether2shine.at\/en\/services\/\" \/>\n<meta property=\"og:locale\" content=\"en_US\" \/>\n<meta property=\"og:type\" content=\"article\" \/>\n<meta property=\"og:title\" content=\"Reinigungsservices Wien \u2013 B\u00fcro, Hotel &amp; Fitness | 2gether2shine\" \/>\n<meta property=\"og:description\" content=\"Unsere Reinigungsdienstleistungen: B\u00fcroreinigung, Hotelreinigung, Fitnessreinigung, Fensterreinigung &amp; mehr. Professionell &amp; zuverl\u00e4ssig in Wien.\" \/>\n<meta property=\"og:url\" content=\"https:\/\/cleaning.2gether2shine.at\/en\/services\/\" \/>\n<meta property=\"og:site_name\" content=\"Professionelle Geb\u00e4udereinigung Wien | 2gether2shine\" \/>\n<meta property=\"article:modified_time\" content=\"2026-04-13T23:24:21+00:00\" \/>\n<meta property=\"og:image\" content=\"https:\/\/cleaning.2gether2shine.at\/wp-content\/uploads\/2026\/02\/4-1024x768-1.jpeg\" \/>\n\t<meta property=\"og:image:width\" content=\"1024\" \/>\n\t<meta property=\"og:image:height\" content=\"768\" \/>\n\t<meta property=\"og:image:type\" content=\"image\/jpeg\" \/>\n<meta name=\"twitter:card\" content=\"summary_large_image\" \/>\n<meta name=\"twitter:label1\" content=\"Est. reading time\" \/>\n\t<meta name=\"twitter:data1\" content=\"1 minute\" \/>\n<script type=\"application\/ld+json\" class=\"yoast-schema-graph\">{\"@context\":\"https:\\\/\\\/schema.org\",\"@graph\":[{\"@type\":\"WebPage\",\"@id\":\"https:\\\/\\\/cleaning.2gether2shine.at\\\/en\\\/services\\\/\",\"url\":\"https:\\\/\\\/cleaning.2gether2shine.at\\\/en\\\/services\\\/\",\"name\":\"Reinigungsservices Wien \u2013 B\u00fcro, Hotel & Fitness | 2gether2shine\",\"isPartOf\":{\"@id\":\"https:\\\/\\\/cleaning.2gether2shine.at\\\/#website\"},\"primaryImageOfPage\":{\"@id\":\"https:\\\/\\\/cleaning.2gether2shine.at\\\/en\\\/services\\\/#primaryimage\"},\"image\":{\"@id\":\"https:\\\/\\\/cleaning.2gether2shine.at\\\/en\\\/services\\\/#primaryimage\"},\"thumbnailUrl\":\"https:\\\/\\\/cleaning.2gether2shine.at\\\/wp-content\\\/uploads\\\/2026\\\/02\\\/4-1024x768-1.jpeg\",\"datePublished\":\"2018-08-03T08:44:05+00:00\",\"dateModified\":\"2026-04-13T23:24:21+00:00\",\"description\":\"Unsere Reinigungsdienstleistungen: B\u00fcroreinigung, Hotelreinigung, Fitnessreinigung, Fensterreinigung & mehr. Professionell & zuverl\u00e4ssig in Wien.\",\"breadcrumb\":{\"@id\":\"https:\\\/\\\/cleaning.2gether2shine.at\\\/en\\\/services\\\/#breadcrumb\"},\"inLanguage\":\"en-US\",\"potentialAction\":[{\"@type\":\"ReadAction\",\"target\":[\"https:\\\/\\\/cleaning.2gether2shine.at\\\/en\\\/services\\\/\"]}]},{\"@type\":\"ImageObject\",\"inLanguage\":\"en-US\",\"@id\":\"https:\\\/\\\/cleaning.2gether2shine.at\\\/en\\\/services\\\/#primaryimage\",\"url\":\"https:\\\/\\\/cleaning.2gether2shine.at\\\/wp-content\\\/uploads\\\/2026\\\/02\\\/4-1024x768-1.jpeg\",\"contentUrl\":\"https:\\\/\\\/cleaning.2gether2shine.at\\\/wp-content\\\/uploads\\\/2026\\\/02\\\/4-1024x768-1.jpeg\",\"width\":1024,\"height\":768},{\"@type\":\"BreadcrumbList\",\"@id\":\"https:\\\/\\\/cleaning.2gether2shine.at\\\/en\\\/services\\\/#breadcrumb\",\"itemListElement\":[{\"@type\":\"ListItem\",\"position\":1,\"name\":\"Home\",\"item\":\"https:\\\/\\\/cleaning.2gether2shine.at\\\/en\\\/\"},{\"@type\":\"ListItem\",\"position\":2,\"name\":\"Services\"}]},{\"@type\":\"WebSite\",\"@id\":\"https:\\\/\\\/cleaning.2gether2shine.at\\\/#website\",\"url\":\"https:\\\/\\\/cleaning.2gether2shine.at\\\/\",\"name\":\"Professionelle Geb\u00e4udereinigung Wien | 2gether2shine\",\"description\":\"Geb\u00e4udereinigung f\u00fcr B\u00fcros, Hotels &amp; Fitnessstudios in Wien und \u00d6sterreich\",\"potentialAction\":[{\"@type\":\"SearchAction\",\"target\":{\"@type\":\"EntryPoint\",\"urlTemplate\":\"https:\\\/\\\/cleaning.2gether2shine.at\\\/?s={search_term_string}\"},\"query-input\":{\"@type\":\"PropertyValueSpecification\",\"valueRequired\":true,\"valueName\":\"search_term_string\"}}],\"inLanguage\":\"en-US\"}]}<\/script>\n<!-- \/ Yoast SEO plugin. -->","yoast_head_json":{"title":"Reinigungsservices Wien \u2013 B\u00fcro, Hotel & Fitness | 2gether2shine","description":"Unsere Reinigungsdienstleistungen: B\u00fcroreinigung, Hotelreinigung, Fitnessreinigung, Fensterreinigung & mehr. Professionell & zuverl\u00e4ssig in Wien.","robots":{"index":"index","follow":"follow","max-snippet":"max-snippet:-1","max-image-preview":"max-image-preview:large","max-video-preview":"max-video-preview:-1"},"canonical":"https:\/\/cleaning.2gether2shine.at\/en\/services\/","og_locale":"en_US","og_type":"article","og_title":"Reinigungsservices Wien \u2013 B\u00fcro, Hotel & Fitness | 2gether2shine","og_description":"Unsere Reinigungsdienstleistungen: B\u00fcroreinigung, Hotelreinigung, Fitnessreinigung, Fensterreinigung & mehr. Professionell & zuverl\u00e4ssig in Wien.","og_url":"https:\/\/cleaning.2gether2shine.at\/en\/services\/","og_site_name":"Professionelle Geb\u00e4udereinigung Wien | 2gether2shine","article_modified_time":"2026-04-13T23:24:21+00:00","og_image":[{"width":1024,"height":768,"url":"https:\/\/cleaning.2gether2shine.at\/wp-content\/uploads\/2026\/02\/4-1024x768-1.jpeg","type":"image\/jpeg"}],"twitter_card":"summary_large_image","twitter_misc":{"Est. reading time":"1 minute"},"schema":{"@context":"https:\/\/schema.org","@graph":[{"@type":"WebPage","@id":"https:\/\/cleaning.2gether2shine.at\/en\/services\/","url":"https:\/\/cleaning.2gether2shine.at\/en\/services\/","name":"Reinigungsservices Wien \u2013 B\u00fcro, Hotel & Fitness | 2gether2shine","isPartOf":{"@id":"https:\/\/cleaning.2gether2shine.at\/#website"},"primaryImageOfPage":{"@id":"https:\/\/cleaning.2gether2shine.at\/en\/services\/#primaryimage"},"image":{"@id":"https:\/\/cleaning.2gether2shine.at\/en\/services\/#primaryimage"},"thumbnailUrl":"https:\/\/cleaning.2gether2shine.at\/wp-content\/uploads\/2026\/02\/4-1024x768-1.jpeg","datePublished":"2018-08-03T08:44:05+00:00","dateModified":"2026-04-13T23:24:21+00:00","description":"Unsere Reinigungsdienstleistungen: B\u00fcroreinigung, Hotelreinigung, Fitnessreinigung, Fensterreinigung & mehr. Professionell & zuverl\u00e4ssig in Wien.","breadcrumb":{"@id":"https:\/\/cleaning.2gether2shine.at\/en\/services\/#breadcrumb"},"inLanguage":"en-US","potentialAction":[{"@type":"ReadAction","target":["https:\/\/cleaning.2gether2shine.at\/en\/services\/"]}]},{"@type":"ImageObject","inLanguage":"en-US","@id":"https:\/\/cleaning.2gether2shine.at\/en\/services\/#primaryimage","url":"https:\/\/cleaning.2gether2shine.at\/wp-content\/uploads\/2026\/02\/4-1024x768-1.jpeg","contentUrl":"https:\/\/cleaning.2gether2shine.at\/wp-content\/uploads\/2026\/02\/4-1024x768-1.jpeg","width":1024,"height":768},{"@type":"BreadcrumbList","@id":"https:\/\/cleaning.2gether2shine.at\/en\/services\/#breadcrumb","itemListElement":[{"@type":"ListItem","position":1,"name":"Home","item":"https:\/\/cleaning.2gether2shine.at\/en\/"},{"@type":"ListItem","position":2,"name":"Services"}]},{"@type":"WebSite","@id":"https:\/\/cleaning.2gether2shine.at\/#website","url":"https:\/\/cleaning.2gether2shine.at\/","name":"Professionelle Geb\u00e4udereinigung Wien | 2gether2shine","description":"Geb\u00e4udereinigung f\u00fcr B\u00fcros, Hotels &amp; Fitnessstudios in Wien und \u00d6sterreich","potentialAction":[{"@type":"SearchAction","target":{"@type":"EntryPoint","urlTemplate":"https:\/\/cleaning.2gether2shine.at\/?s={search_term_string}"},"query-input":{"@type":"PropertyValueSpecification","valueRequired":true,"valueName":"search_term_string"}}],"inLanguage":"en-US"}]}},"_links":{"self":[{"href":"https:\/\/cleaning.2gether2shine.at\/en\/wp-json\/wp\/v2\/pages\/6698","targetHints":{"allow":["GET"]}}],"collection":[{"href":"https:\/\/cleaning.2gether2shine.at\/en\/wp-json\/wp\/v2\/pages"}],"about":[{"href":"https:\/\/cleaning.2gether2shine.at\/en\/wp-json\/wp\/v2\/types\/page"}],"author":[{"embeddable":true,"href":"https:\/\/cleaning.2gether2shine.at\/en\/wp-json\/wp\/v2\/users\/2"}],"replies":[{"embeddable":true,"href":"https:\/\/cleaning.2gether2shine.at\/en\/wp-json\/wp\/v2\/comments?post=6698"}],"version-history":[{"count":4,"href":"https:\/\/cleaning.2gether2shine.at\/en\/wp-json\/wp\/v2\/pages\/6698\/revisions"}],"predecessor-version":[{"id":11008,"href":"https:\/\/cleaning.2gether2shine.at\/en\/wp-json\/wp\/v2\/pages\/6698\/revisions\/11008"}],"wp:featuredmedia":[{"embeddable":true,"href":"https:\/\/cleaning.2gether2shine.at\/en\/wp-json\/wp\/v2\/media\/10802"}],"wp:attachment":[{"href":"https:\/\/cleaning.2gether2shine.at\/en\/wp-json\/wp\/v2\/media?parent=6698"}],"curies":[{"name":"wp","href":"https:\/\/api.w.org\/{rel}","templated":true}]}}